{"id":443,"date":"2020-10-27T15:58:44","date_gmt":"2020-10-27T15:58:44","guid":{"rendered":"https:\/\/www.canadianplacedentistry.com\/es\/?page_id=443"},"modified":"2021-10-31T03:01:05","modified_gmt":"2021-10-31T03:01:05","slug":"preguntas-frecuentes","status":"publish","type":"page","link":"https:\/\/www.canadianplacedentistry.com\/es\/preguntas-frecuentes\/","title":{"rendered":"Preguntas Frecuentes"},"content":{"rendered":"\t\t<div data-elementor-type=\"wp-page\" data-elementor-id=\"443\" class=\"elementor elementor-443\" data-elementor-settings=\"[]\">\n\t\t\t\t\t\t<div class=\"elementor-inner\">\n\t\t\t\t\t\t\t<div class=\"elementor-section-wrap\">\n\t\t\t\t\t\t\t<section class=\"elementor-section elementor-top-section elementor-element elementor-element-6c8e669c elementor-section-content-middle elementor-section-boxed elementor-section-height-default elementor-section-height-default\" data-id=\"6c8e669c\" data-element_type=\"section\" data-settings=\"{&quot;background_background&quot;:&quot;classic&quot;,&quot;animation&quot;:&quot;none&quot;}\">\n\t\t\t\t\t\t<div class=\"elementor-container elementor-column-gap-default\">\n\t\t\t\t\t\t\t<div class=\"elementor-row\">\n\t\t\t\t\t<div class=\"elementor-column elementor-col-66 elementor-top-column elementor-element elementor-element-efd7c20\" data-id=\"efd7c20\" data-element_type=\"column\">\n\t\t\t<div class=\"elementor-column-wrap elementor-element-populated\">\n\t\t\t\t\t\t\t<div class=\"elementor-widget-wrap\">\n\t\t\t\t\t\t<div class=\"elementor-element elementor-element-2ebd8e8 elementor-widget elementor-widget-heading\" data-id=\"2ebd8e8\" data-element_type=\"widget\" data-widget_type=\"heading.default\">\n\t\t\t\t<div class=\"elementor-widget-container\">\n\t\t\t<h1 class=\"elementor-heading-title elementor-size-default\">Preguntas Frecuentes\n<\/h1>\t\t<\/div>\n\t\t\t\t<\/div>\n\t\t\t\t\t\t<\/div>\n\t\t\t\t\t<\/div>\n\t\t<\/div>\n\t\t\t\t<div class=\"elementor-column elementor-col-33 elementor-top-column elementor-element elementor-element-14dafd8c\" data-id=\"14dafd8c\" data-element_type=\"column\">\n\t\t\t<div class=\"elementor-column-wrap elementor-element-populated\">\n\t\t\t\t\t\t\t<div class=\"elementor-widget-wrap\">\n\t\t\t\t\t\t<div class=\"elementor-element elementor-element-68dd275 elementor-widget elementor-widget-wwp-elementor-dynamic-breadcrumbs\" data-id=\"68dd275\" data-element_type=\"widget\" data-widget_type=\"wwp-elementor-dynamic-breadcrumbs.default\">\n\t\t\t\t<div class=\"elementor-widget-container\">\n\t\t\t<style>#breadcrumb-69e083298193a li::after { content: \"\u00bb\" }<\/style><ol class=\"wwp-elementor-breadcrumbs \" id=\"breadcrumb-69e083298193a\"><li class=\"visited\"><a href=\"\/\">Home<\/a><\/li><li class=\"visited\"><a href=\"\">P\u00e1ginas<\/a><\/li><li class=\"current\"><span>Preguntas Frecuentes<\/span><\/li><\/ol><script type=\"application\/ld+json\">{\"@context\":\"https:\\\/\\\/schema.org\\\/\",\"@type\":\"BreadcrumbList\",\"itemListElement\":[{\"@type\":\"ListItem\",\"position\":1,\"name\":\"Preguntas Frecuentes\",\"item\":\"https:\\\/\\\/www.canadianplacedentistry.com\\\/es\\\/wp-json\\\/wp\\\/v2\\\/pages\\\/443\"}]}<\/script>\t\t<\/div>\n\t\t\t\t<\/div>\n\t\t\t\t\t\t<\/div>\n\t\t\t\t\t<\/div>\n\t\t<\/div>\n\t\t\t\t\t\t\t\t<\/div>\n\t\t\t\t\t<\/div>\n\t\t<\/section>\n\t\t\t\t<section class=\"elementor-section elementor-top-section elementor-element elementor-element-75260c9b elementor-section-boxed elementor-section-height-default elementor-section-height-default\" data-id=\"75260c9b\" data-element_type=\"section\">\n\t\t\t\t\t\t<div class=\"elementor-container elementor-column-gap-default\">\n\t\t\t\t\t\t\t<div class=\"elementor-row\">\n\t\t\t\t\t<div class=\"elementor-column elementor-col-100 elementor-top-column elementor-element elementor-element-2ed899eb\" data-id=\"2ed899eb\" data-element_type=\"column\">\n\t\t\t<div class=\"elementor-column-wrap elementor-element-populated\">\n\t\t\t\t\t\t\t<div class=\"elementor-widget-wrap\">\n\t\t\t\t\t\t<div class=\"elementor-element elementor-element-2646e429 elementor-widget elementor-widget-heading\" data-id=\"2646e429\" data-element_type=\"widget\" data-widget_type=\"heading.default\">\n\t\t\t\t<div class=\"elementor-widget-container\">\n\t\t\t<h3 class=\"elementor-heading-title elementor-size-default\">Informaci\u00f3n del seguro dental<\/h3>\t\t<\/div>\n\t\t\t\t<\/div>\n\t\t\t\t<div class=\"elementor-element elementor-element-1732a18 elementor-widget elementor-widget-heading\" data-id=\"1732a18\" data-element_type=\"widget\" data-widget_type=\"heading.default\">\n\t\t\t\t<div class=\"elementor-widget-container\">\n\t\t\t<p class=\"elementor-heading-title elementor-size-default\">Su seguro dental es un contrato entre su empleador y la compa\u00f1\u00eda de seguros. Es un gran beneficio para muchas personas y en Canadian Place Dentistry nos esforzamos por asegurarnos de que reciba el mejor servicio al que tiene derecho. Sin embargo, su tratamiento se proporcionar\u00e1 de acuerdo con sus necesidades, no con la cobertura de su seguro. <br> <br>\n\nDebido a la Ley de Privacidad, las compa\u00f1\u00edas de seguros dentales no brindan informaci\u00f3n a los consultorios dentales. Por lo tanto, si tiene alguna pregunta sobre sus beneficios, debe comunicarse directamente con su empleador o compa\u00f1\u00eda de seguros. Recuerde que usted es responsable del saldo de su cuenta en Canadian Place Dentistry, como cortes\u00eda, si la compa\u00f1\u00eda de seguros lo permite, podemos presentar reclamos y estimaciones en su nombre, estaremos encantados de ayudarle a comprender su cobertura de seguro. < br> <br>\n\nSe adjunta un cuestionario para preguntar cuando llame a su seguro para tener un archivo actualizado para brindarle un mejor servicio en futuras citas.<\/p>\t\t<\/div>\n\t\t\t\t<\/div>\n\t\t\t\t<div class=\"elementor-element elementor-element-ad43acd elementor-widget elementor-widget-heading\" data-id=\"ad43acd\" data-element_type=\"widget\" data-widget_type=\"heading.default\">\n\t\t\t\t<div class=\"elementor-widget-container\">\n\t\t\t<h3 class=\"elementor-heading-title elementor-size-default\">Proceso de confirmaci\u00f3n de la cita\n<\/h3>\t\t<\/div>\n\t\t\t\t<\/div>\n\t\t\t\t<div class=\"elementor-element elementor-element-35fff9e elementor-widget elementor-widget-heading\" data-id=\"35fff9e\" data-element_type=\"widget\" data-widget_type=\"heading.default\">\n\t\t\t\t<div class=\"elementor-widget-container\">\n\t\t\t<p class=\"elementor-heading-title elementor-size-default\">En Canadian Place Dentistry intentamos brindar el mejor servicio a nuestros pacientes en todos los aspectos. Puedes elegir tu canal favorito para confirmar tus futuras citas, esto incluye SMS, llamada u otros canales como WhatsApp o Email. H\u00e1ganos saber c\u00f3mo prefiere que nos comuniquemos con usted.\n<\/p>\t\t<\/div>\n\t\t\t\t<\/div>\n\t\t\t\t<div class=\"elementor-element elementor-element-1cb4644 elementor-widget elementor-widget-heading\" data-id=\"1cb4644\" data-element_type=\"widget\" data-widget_type=\"heading.default\">\n\t\t\t\t<div class=\"elementor-widget-container\">\n\t\t\t<h3 class=\"elementor-heading-title elementor-size-default\">Pol\u00edtica de nombramientos y cancelaciones<\/h3>\t\t<\/div>\n\t\t\t\t<\/div>\n\t\t\t\t<div class=\"elementor-element elementor-element-2f1d0e8 elementor-widget elementor-widget-heading\" data-id=\"2f1d0e8\" data-element_type=\"widget\" data-widget_type=\"heading.default\">\n\t\t\t\t<div class=\"elementor-widget-container\">\n\t\t\t<p class=\"elementor-heading-title elementor-size-default\">Su cita dental se considera confirmada en el momento de la reserva. Esto significa que estamos reservando tiempo con nuestro m\u00e9dico, asistente e higienista, as\u00ed como el espacio operatorio seg\u00fan sea necesario. Estaremos esterilizando y preparando el espacio operatorio, as\u00ed como todo el equipo y materiales necesarios para su procedimiento. Por lo tanto, solicitamos que si no puede asistir a la cita programada, se comunique con nuestra oficina con 24 horas de anticipaci\u00f3n para reprogramarla. Como cortes\u00eda nos comunicaremos con usted el d\u00eda anterior a su cita para recordarle la cita que ha reservado. <br> <br>\n\nHay muchas ocasiones en las que nuestros pacientes requieren atenci\u00f3n de urgencia o emergencia y requieren una cita de inmediato.\nCuando los pacientes notifican a la cl\u00ednica con anticipaci\u00f3n su necesidad de cancelar una cita programada, este tiempo, a su vez, puede asignarse a aquellos pacientes que necesitan un tratamiento urgente. De esta manera, la cl\u00ednica puede atender mejor las necesidades de TODOS los pacientes. Teniendo en cuenta estas necesidades especiales, la cl\u00ednica requiere un aviso m\u00ednimo de 24 horas si se debe cancelar una cita. Un proyecto de investigaci\u00f3n de pacientes llevado a cabo por la rama canadiense de la Academia de Odontolog\u00eda General, la segunda organizaci\u00f3n dental m\u00e1s grande del mundo, muestra que la mayor\u00eda de los pacientes que cancelan sus citas lo hacen con la creencia de que una cita programada es una cuesti\u00f3n de conveniencia, mientras que los pacientes que asisten a sus citas lo hacen porque ven una cita programada como un compromiso que deben cumplir. Los pacientes encuestados que cancelan las citas programadas se sorprendieron al descubrir que una cita cancelada con poca antelaci\u00f3n (menos de 24 horas) puede afectar negativamente a muchos otros pacientes, espec\u00edficamente a aquellos que est\u00e1n sufriendo y con dolor. <br> <br>\n\nTeniendo en cuenta que el objetivo de nuestra Cl\u00ednica es atender las necesidades de todos los pacientes, especialmente aquellos con dolor agudo, nuestra pol\u00edtica de pr\u00e1ctica es que los pacientes que deseen cambiar su compromiso con las citas programadas por el bien de su conveniencia deben darle a la pr\u00e1ctica un m\u00ednimo de aviso de 24 horas. Si se da un aviso con menos de 24 horas de anticipaci\u00f3n para cancelar una cita, se cobrar\u00e1 una tarifa m\u00ednima de $ 50.00 *. En caso de que no se d\u00e9 aviso y el paciente no se presente a su cita programada, se cobrar\u00e1 una tarifa m\u00ednima de $ 75.00 *. <br> <br>\n\n<i> * Se har\u00e1n excepciones por enfermedad o tragedia personal <\/i><\/p>\t\t<\/div>\n\t\t\t\t<\/div>\n\t\t\t\t<div class=\"elementor-element elementor-element-9724ea8 elementor-widget elementor-widget-heading\" data-id=\"9724ea8\" data-element_type=\"widget\" data-widget_type=\"heading.default\">\n\t\t\t\t<div class=\"elementor-widget-container\">\n\t\t\t<h3 class=\"elementor-heading-title elementor-size-default\">Informaci\u00f3n de pago<\/h3>\t\t<\/div>\n\t\t\t\t<\/div>\n\t\t\t\t<div class=\"elementor-element elementor-element-4e55a81 elementor-widget elementor-widget-heading\" data-id=\"4e55a81\" data-element_type=\"widget\" data-widget_type=\"heading.default\">\n\t\t\t\t<div class=\"elementor-widget-container\">\n\t\t\t<p class=\"elementor-heading-title elementor-size-default\">Como condici\u00f3n para su tratamiento en esta oficina, los arreglos financieros deben hacerse con anticipaci\u00f3n. La pr\u00e1ctica depende del reembolso de los pacientes por los costos incurridos en su atenci\u00f3n y la responsabilidad financiera por parte de cada paciente debe determinarse antes del tratamiento. <br> <br>\n\nTodos los servicios dentales de emergencia, o cualquier servicio dental realizado sin arreglos financieros previos, deben pagarse en efectivo en el momento en que se realizan los servicios. <br> <br>\n\nSe cobrar\u00e1 un cargo por servicio del 1.5% por mes (18% por a\u00f1o) sobre el saldo impago en todas las cuentas que excedan los 60 d\u00edas, a menos que se cumplan los arreglos financieros previamente escritos.<\/p>\t\t<\/div>\n\t\t\t\t<\/div>\n\t\t\t\t\t\t<\/div>\n\t\t\t\t\t<\/div>\n\t\t<\/div>\n\t\t\t\t\t\t\t\t<\/div>\n\t\t\t\t\t<\/div>\n\t\t<\/section>\n\t\t\t\t<section class=\"elementor-section elementor-top-section elementor-element elementor-element-7326f47a elementor-section-full_width ocultar elementor-section-height-default elementor-section-height-default\" data-id=\"7326f47a\" data-element_type=\"section\" data-settings=\"{&quot;background_background&quot;:&quot;classic&quot;}\">\n\t\t\t\t\t\t<div class=\"elementor-container elementor-column-gap-default\">\n\t\t\t\t\t\t\t<div class=\"elementor-row\">\n\t\t\t\t\t<div class=\"elementor-column elementor-col-100 elementor-top-column elementor-element elementor-element-134fff13\" data-id=\"134fff13\" data-element_type=\"column\">\n\t\t\t<div class=\"elementor-column-wrap elementor-element-populated\">\n\t\t\t\t\t\t\t<div class=\"elementor-widget-wrap\">\n\t\t\t\t\t\t<div class=\"elementor-element elementor-element-56f114d1 elementor-arrows-position-inside elementor-widget elementor-widget-image-carousel\" data-id=\"56f114d1\" data-element_type=\"widget\" data-settings=\"{&quot;slides_to_show&quot;:&quot;4&quot;,&quot;slides_to_show_tablet&quot;:&quot;3&quot;,&quot;slides_to_scroll&quot;:&quot;1&quot;,&quot;slides_to_scroll_tablet&quot;:&quot;1&quot;,&quot;navigation&quot;:&quot;arrows&quot;,&quot;autoplay_speed&quot;:7000,&quot;autoplay&quot;:&quot;yes&quot;,&quot;pause_on_hover&quot;:&quot;yes&quot;,&quot;pause_on_interaction&quot;:&quot;yes&quot;,&quot;infinite&quot;:&quot;yes&quot;,&quot;speed&quot;:500}\" data-widget_type=\"image-carousel.default\">\n\t\t\t\t<div class=\"elementor-widget-container\">\n\t\t\t\t\t<div class=\"elementor-image-carousel-wrapper swiper-container\" dir=\"ltr\">\n\t\t\t<div class=\"elementor-image-carousel swiper-wrapper swiper-image-stretch\">\n\t\t\t\t\t\t\t\t<div class=\"swiper-slide\"><a data-elementor-open-lightbox=\"yes\" data-elementor-lightbox-slideshow=\"56f114d1\" data-elementor-lightbox-title=\"services-gallery-1.jpg\" href=\"https:\/\/www.canadianplacedentistry.com\/es\/wp-content\/uploads\/sites\/3\/2020\/09\/services-gallery-1.jpg\"><figure class=\"swiper-slide-inner\"><img class=\"swiper-slide-image\" src=\"https:\/\/www.canadianplacedentistry.com\/es\/wp-content\/uploads\/sites\/3\/elementor\/thumbs\/services-gallery-1-pdpg4ct068z73dkubs7ot5dlvvo74dptzhfqzrde7s.jpg\" alt=\"services-gallery-1.jpg\" \/><\/figure><\/a><\/div><div class=\"swiper-slide\"><a data-elementor-open-lightbox=\"yes\" data-elementor-lightbox-slideshow=\"56f114d1\" data-elementor-lightbox-title=\"services-gallery-2.jpg\" href=\"https:\/\/www.canadianplacedentistry.com\/es\/wp-content\/uploads\/sites\/3\/2020\/09\/services-gallery-2.jpg\"><figure class=\"swiper-slide-inner\"><img class=\"swiper-slide-image\" src=\"https:\/\/www.canadianplacedentistry.com\/es\/wp-content\/uploads\/sites\/3\/elementor\/thumbs\/services-gallery-2-pdpg4ct068z73dkubs7ot5dlvvo74dptzhfqzrde7s.jpg\" alt=\"services-gallery-2.jpg\" \/><\/figure><\/a><\/div><div class=\"swiper-slide\"><a data-elementor-open-lightbox=\"yes\" data-elementor-lightbox-slideshow=\"56f114d1\" data-elementor-lightbox-title=\"services-gallery-3.jpg\" href=\"https:\/\/www.canadianplacedentistry.com\/es\/wp-content\/uploads\/sites\/3\/2020\/09\/services-gallery-3.jpg\"><figure class=\"swiper-slide-inner\"><img class=\"swiper-slide-image\" src=\"https:\/\/www.canadianplacedentistry.com\/es\/wp-content\/uploads\/sites\/3\/elementor\/thumbs\/services-gallery-3-pdpg526narxxsujz7l6m6gz1xa73w7il2z1uy8brjs.jpg\" alt=\"services-gallery-3.jpg\" \/><\/figure><\/a><\/div><div class=\"swiper-slide\"><a data-elementor-open-lightbox=\"yes\" data-elementor-lightbox-slideshow=\"56f114d1\" data-elementor-lightbox-title=\"services-gallery-4.jpg\" href=\"https:\/\/www.canadianplacedentistry.com\/es\/wp-content\/uploads\/sites\/3\/2020\/09\/services-gallery-4.jpg\"><figure class=\"swiper-slide-inner\"><img class=\"swiper-slide-image\" src=\"https:\/\/www.canadianplacedentistry.com\/es\/wp-content\/uploads\/sites\/3\/elementor\/thumbs\/services-gallery-4-pdpg526narxxsujz7l6m6gz1xa73w7il2z1uy8brjs.jpg\" alt=\"services-gallery-4.jpg\" \/><\/figure><\/a><\/div>\t\t\t<\/div>\n\t\t\t\t\t\t\t\t\t\t\t\t\t\t\t\t<div class=\"elementor-swiper-button elementor-swiper-button-prev\">\n\t\t\t\t\t\t<i class=\"eicon-chevron-left\" aria-hidden=\"true\"><\/i>\n\t\t\t\t\t\t<span class=\"elementor-screen-only\">Anterior<\/span>\n\t\t\t\t\t<\/div>\n\t\t\t\t\t<div class=\"elementor-swiper-button elementor-swiper-button-next\">\n\t\t\t\t\t\t<i class=\"eicon-chevron-right\" aria-hidden=\"true\"><\/i>\n\t\t\t\t\t\t<span class=\"elementor-screen-only\">Siguiente<\/span>\n\t\t\t\t\t<\/div>\n\t\t\t\t\t\t\t\t\t<\/div>\n\t\t\t\t<\/div>\n\t\t\t\t<\/div>\n\t\t\t\t\t\t<\/div>\n\t\t\t\t\t<\/div>\n\t\t<\/div>\n\t\t\t\t\t\t\t\t<\/div>\n\t\t\t\t\t<\/div>\n\t\t<\/section>\n\t\t\t\t\t\t<\/div>\n\t\t\t\t\t\t<\/div>\n\t\t\t\t\t<\/div>\n\t\t","protected":false},"excerpt":{"rendered":"<p>Preguntas Frecuentes Home P\u00e1ginas Preguntas Frecuentes Informaci\u00f3n del seguro dental Su seguro dental es un contrato entre su empleador y la compa\u00f1\u00eda de seguros. Es un gran beneficio para muchas personas y en Canadian Place Dentistry nos esforzamos por asegurarnos de que reciba el mejor servicio al que tiene derecho. Sin embargo, su tratamiento se [&hellip;]<\/p>\n","protected":false},"author":1,"featured_media":0,"parent":0,"menu_order":0,"comment_status":"closed","ping_status":"closed","template":"","meta":{"_coblocks_attr":"","_coblocks_dimensions":"","_coblocks_responsive_height":"","_coblocks_accordion_ie_support":""},"yoast_head":"<!-- This site is optimized with the Yoast SEO plugin v17.4 - https:\/\/yoast.com\/wordpress\/plugins\/seo\/ -->\n<title>Preguntas frecuentes sobre ir al dentista<\/title>\n<meta name=\"description\" content=\"En estas preguntas frecuentes del dentista, esperamos responder a esas preguntas y algunas otras en las que es posible que a\u00fan no haya pensado.\" \/>\n<meta name=\"robots\" content=\"index, follow, max-snippet:-1, max-image-preview:large, max-video-preview:-1\" \/>\n<link rel=\"canonical\" href=\"https:\/\/www.canadianplacedentistry.com\/es\/preguntas-frecuentes\/\" \/>\n<meta property=\"og:locale\" content=\"es_ES\" \/>\n<meta property=\"og:type\" content=\"article\" \/>\n<meta property=\"og:title\" content=\"Preguntas frecuentes sobre ir al dentista\" \/>\n<meta property=\"og:description\" content=\"En estas preguntas frecuentes del dentista, esperamos responder a esas preguntas y algunas otras en las que es posible que a\u00fan no haya pensado.\" \/>\n<meta property=\"og:url\" content=\"https:\/\/www.canadianplacedentistry.com\/es\/preguntas-frecuentes\/\" \/>\n<meta property=\"og:site_name\" content=\"Canadian Place Dentistry ES\" \/>\n<meta property=\"article:modified_time\" content=\"2021-10-31T03:01:05+00:00\" \/>\n<meta property=\"og:image\" content=\"https:\/\/www.canadianplacedentistry.com\/es\/wp-content\/uploads\/sites\/3\/elementor\/thumbs\/services-gallery-1-pdpg4ct068z73dkubs7ot5dlvvo74dptzhfqrtl728.jpg\" \/>\n<meta name=\"twitter:card\" content=\"summary_large_image\" \/>\n<meta name=\"twitter:label1\" content=\"Tiempo estimado de lectura\" \/>\n\t<meta name=\"twitter:data1\" content=\"6 minutos\" \/>\n<script type=\"application\/ld+json\" class=\"yoast-schema-graph\">{\"@context\":\"https:\/\/schema.org\",\"@graph\":[{\"@type\":\"WebSite\",\"@id\":\"https:\/\/www.canadianplacedentistry.com\/es\/#website\",\"url\":\"https:\/\/www.canadianplacedentistry.com\/es\/\",\"name\":\"Canadian Place Dentistry ES\",\"description\":\"\",\"potentialAction\":[{\"@type\":\"SearchAction\",\"target\":{\"@type\":\"EntryPoint\",\"urlTemplate\":\"https:\/\/www.canadianplacedentistry.com\/es\/?s={search_term_string}\"},\"query-input\":\"required name=search_term_string\"}],\"inLanguage\":\"es-CO\"},{\"@type\":\"ImageObject\",\"@id\":\"https:\/\/www.canadianplacedentistry.com\/es\/preguntas-frecuentes\/#primaryimage\",\"inLanguage\":\"es-CO\",\"url\":\"https:\/\/www.canadianplacedentistry.com\/es\/wp-content\/uploads\/sites\/3\/elementor\/thumbs\/services-gallery-1-pdpg4ct068z73dkubs7ot5dlvvo74dptzhfqrtl728.jpg\",\"contentUrl\":\"https:\/\/www.canadianplacedentistry.com\/es\/wp-content\/uploads\/sites\/3\/elementor\/thumbs\/services-gallery-1-pdpg4ct068z73dkubs7ot5dlvvo74dptzhfqrtl728.jpg\"},{\"@type\":\"WebPage\",\"@id\":\"https:\/\/www.canadianplacedentistry.com\/es\/preguntas-frecuentes\/#webpage\",\"url\":\"https:\/\/www.canadianplacedentistry.com\/es\/preguntas-frecuentes\/\",\"name\":\"Preguntas frecuentes sobre ir al dentista\",\"isPartOf\":{\"@id\":\"https:\/\/www.canadianplacedentistry.com\/es\/#website\"},\"primaryImageOfPage\":{\"@id\":\"https:\/\/www.canadianplacedentistry.com\/es\/preguntas-frecuentes\/#primaryimage\"},\"datePublished\":\"2020-10-27T15:58:44+00:00\",\"dateModified\":\"2021-10-31T03:01:05+00:00\",\"description\":\"En estas preguntas frecuentes del dentista, esperamos responder a esas preguntas y algunas otras en las que es posible que a\\u00fan no haya pensado.\",\"breadcrumb\":{\"@id\":\"https:\/\/www.canadianplacedentistry.com\/es\/preguntas-frecuentes\/#breadcrumb\"},\"inLanguage\":\"es-CO\",\"potentialAction\":[{\"@type\":\"ReadAction\",\"target\":[\"https:\/\/www.canadianplacedentistry.com\/es\/preguntas-frecuentes\/\"]}]},{\"@type\":\"BreadcrumbList\",\"@id\":\"https:\/\/www.canadianplacedentistry.com\/es\/preguntas-frecuentes\/#breadcrumb\",\"itemListElement\":[{\"@type\":\"ListItem\",\"position\":1,\"name\":\"Home\",\"item\":\"https:\/\/www.canadianplacedentistry.com\/es\/\"},{\"@type\":\"ListItem\",\"position\":2,\"name\":\"Preguntas Frecuentes\"}]}]}<\/script>\n<!-- \/ Yoast SEO plugin. -->","yoast_head_json":{"title":"Preguntas frecuentes sobre ir al dentista","description":"En estas preguntas frecuentes del dentista, esperamos responder a esas preguntas y algunas otras en las que es posible que a\u00fan no haya pensado.","robots":{"index":"index","follow":"follow","max-snippet":"max-snippet:-1","max-image-preview":"max-image-preview:large","max-video-preview":"max-video-preview:-1"},"canonical":"https:\/\/www.canadianplacedentistry.com\/es\/preguntas-frecuentes\/","og_locale":"es_ES","og_type":"article","og_title":"Preguntas frecuentes sobre ir al dentista","og_description":"En estas preguntas frecuentes del dentista, esperamos responder a esas preguntas y algunas otras en las que es posible que a\u00fan no haya pensado.","og_url":"https:\/\/www.canadianplacedentistry.com\/es\/preguntas-frecuentes\/","og_site_name":"Canadian Place Dentistry ES","article_modified_time":"2021-10-31T03:01:05+00:00","og_image":[{"url":"https:\/\/www.canadianplacedentistry.com\/es\/wp-content\/uploads\/sites\/3\/elementor\/thumbs\/services-gallery-1-pdpg4ct068z73dkubs7ot5dlvvo74dptzhfqrtl728.jpg"}],"twitter_card":"summary_large_image","twitter_misc":{"Tiempo estimado de lectura":"6 minutos"},"schema":{"@context":"https:\/\/schema.org","@graph":[{"@type":"WebSite","@id":"https:\/\/www.canadianplacedentistry.com\/es\/#website","url":"https:\/\/www.canadianplacedentistry.com\/es\/","name":"Canadian Place Dentistry ES","description":"","potentialAction":[{"@type":"SearchAction","target":{"@type":"EntryPoint","urlTemplate":"https:\/\/www.canadianplacedentistry.com\/es\/?s={search_term_string}"},"query-input":"required name=search_term_string"}],"inLanguage":"es-CO"},{"@type":"ImageObject","@id":"https:\/\/www.canadianplacedentistry.com\/es\/preguntas-frecuentes\/#primaryimage","inLanguage":"es-CO","url":"https:\/\/www.canadianplacedentistry.com\/es\/wp-content\/uploads\/sites\/3\/elementor\/thumbs\/services-gallery-1-pdpg4ct068z73dkubs7ot5dlvvo74dptzhfqrtl728.jpg","contentUrl":"https:\/\/www.canadianplacedentistry.com\/es\/wp-content\/uploads\/sites\/3\/elementor\/thumbs\/services-gallery-1-pdpg4ct068z73dkubs7ot5dlvvo74dptzhfqrtl728.jpg"},{"@type":"WebPage","@id":"https:\/\/www.canadianplacedentistry.com\/es\/preguntas-frecuentes\/#webpage","url":"https:\/\/www.canadianplacedentistry.com\/es\/preguntas-frecuentes\/","name":"Preguntas frecuentes sobre ir al dentista","isPartOf":{"@id":"https:\/\/www.canadianplacedentistry.com\/es\/#website"},"primaryImageOfPage":{"@id":"https:\/\/www.canadianplacedentistry.com\/es\/preguntas-frecuentes\/#primaryimage"},"datePublished":"2020-10-27T15:58:44+00:00","dateModified":"2021-10-31T03:01:05+00:00","description":"En estas preguntas frecuentes del dentista, esperamos responder a esas preguntas y algunas otras en las que es posible que a\u00fan no haya pensado.","breadcrumb":{"@id":"https:\/\/www.canadianplacedentistry.com\/es\/preguntas-frecuentes\/#breadcrumb"},"inLanguage":"es-CO","potentialAction":[{"@type":"ReadAction","target":["https:\/\/www.canadianplacedentistry.com\/es\/preguntas-frecuentes\/"]}]},{"@type":"BreadcrumbList","@id":"https:\/\/www.canadianplacedentistry.com\/es\/preguntas-frecuentes\/#breadcrumb","itemListElement":[{"@type":"ListItem","position":1,"name":"Home","item":"https:\/\/www.canadianplacedentistry.com\/es\/"},{"@type":"ListItem","position":2,"name":"Preguntas Frecuentes"}]}]}},"_links":{"self":[{"href":"https:\/\/www.canadianplacedentistry.com\/es\/wp-json\/wp\/v2\/pages\/443"}],"collection":[{"href":"https:\/\/www.canadianplacedentistry.com\/es\/wp-json\/wp\/v2\/pages"}],"about":[{"href":"https:\/\/www.canadianplacedentistry.com\/es\/wp-json\/wp\/v2\/types\/page"}],"author":[{"embeddable":true,"href":"https:\/\/www.canadianplacedentistry.com\/es\/wp-json\/wp\/v2\/users\/1"}],"replies":[{"embeddable":true,"href":"https:\/\/www.canadianplacedentistry.com\/es\/wp-json\/wp\/v2\/comments?post=443"}],"version-history":[{"count":7,"href":"https:\/\/www.canadianplacedentistry.com\/es\/wp-json\/wp\/v2\/pages\/443\/revisions"}],"predecessor-version":[{"id":844,"href":"https:\/\/www.canadianplacedentistry.com\/es\/wp-json\/wp\/v2\/pages\/443\/revisions\/844"}],"wp:attachment":[{"href":"https:\/\/www.canadianplacedentistry.com\/es\/wp-json\/wp\/v2\/media?parent=443"}],"curies":[{"name":"wp","href":"https:\/\/api.w.org\/{rel}","templated":true}]}}