{"id":426,"date":"2020-10-27T14:52:04","date_gmt":"2020-10-27T14:52:04","guid":{"rendered":"https:\/\/www.canadianplacedentistry.com\/es\/?page_id=426"},"modified":"2021-10-31T03:08:49","modified_gmt":"2021-10-31T03:08:49","slug":"emergencias","status":"publish","type":"page","link":"https:\/\/www.canadianplacedentistry.com\/es\/emergencias\/","title":{"rendered":"Emergencias"},"content":{"rendered":"\t\t<div data-elementor-type=\"wp-page\" data-elementor-id=\"426\" class=\"elementor elementor-426\" data-elementor-settings=\"[]\">\n\t\t\t\t\t\t<div class=\"elementor-inner\">\n\t\t\t\t\t\t\t<div class=\"elementor-section-wrap\">\n\t\t\t\t\t\t\t<section class=\"elementor-section elementor-top-section elementor-element elementor-element-6c8e669c elementor-section-content-middle elementor-section-boxed elementor-section-height-default elementor-section-height-default\" data-id=\"6c8e669c\" data-element_type=\"section\" data-settings=\"{&quot;background_background&quot;:&quot;classic&quot;,&quot;animation&quot;:&quot;none&quot;}\">\n\t\t\t\t\t\t<div class=\"elementor-container elementor-column-gap-default\">\n\t\t\t\t\t\t\t<div class=\"elementor-row\">\n\t\t\t\t\t<div class=\"elementor-column elementor-col-66 elementor-top-column elementor-element elementor-element-efd7c20\" data-id=\"efd7c20\" data-element_type=\"column\">\n\t\t\t<div class=\"elementor-column-wrap elementor-element-populated\">\n\t\t\t\t\t\t\t<div class=\"elementor-widget-wrap\">\n\t\t\t\t\t\t<div class=\"elementor-element elementor-element-2ebd8e8 elementor-widget elementor-widget-heading\" data-id=\"2ebd8e8\" data-element_type=\"widget\" data-widget_type=\"heading.default\">\n\t\t\t\t<div class=\"elementor-widget-container\">\n\t\t\t<h1 class=\"elementor-heading-title elementor-size-default\">Emergencias<\/h1>\t\t<\/div>\n\t\t\t\t<\/div>\n\t\t\t\t\t\t<\/div>\n\t\t\t\t\t<\/div>\n\t\t<\/div>\n\t\t\t\t<div class=\"elementor-column elementor-col-33 elementor-top-column elementor-element elementor-element-14dafd8c\" data-id=\"14dafd8c\" data-element_type=\"column\">\n\t\t\t<div class=\"elementor-column-wrap elementor-element-populated\">\n\t\t\t\t\t\t\t<div class=\"elementor-widget-wrap\">\n\t\t\t\t\t\t<div class=\"elementor-element elementor-element-68dd275 elementor-widget elementor-widget-wwp-elementor-dynamic-breadcrumbs\" data-id=\"68dd275\" data-element_type=\"widget\" data-widget_type=\"wwp-elementor-dynamic-breadcrumbs.default\">\n\t\t\t\t<div class=\"elementor-widget-container\">\n\t\t\t<style>#breadcrumb-69e06dfcb4f2a li::after { content: \"\u00bb\" }<\/style><ol class=\"wwp-elementor-breadcrumbs \" id=\"breadcrumb-69e06dfcb4f2a\"><li class=\"visited\"><a href=\"\/\">Home<\/a><\/li><li class=\"visited\"><a href=\"\">P\u00e1ginas<\/a><\/li><li class=\"current\"><span>Emergencias<\/span><\/li><\/ol><script type=\"application\/ld+json\">{\"@context\":\"https:\\\/\\\/schema.org\\\/\",\"@type\":\"BreadcrumbList\",\"itemListElement\":[{\"@type\":\"ListItem\",\"position\":1,\"name\":\"Emergencias\",\"item\":\"https:\\\/\\\/www.canadianplacedentistry.com\\\/es\\\/wp-json\\\/wp\\\/v2\\\/pages\\\/426\"}]}<\/script>\t\t<\/div>\n\t\t\t\t<\/div>\n\t\t\t\t\t\t<\/div>\n\t\t\t\t\t<\/div>\n\t\t<\/div>\n\t\t\t\t\t\t\t\t<\/div>\n\t\t\t\t\t<\/div>\n\t\t<\/section>\n\t\t\t\t<section class=\"elementor-section elementor-top-section elementor-element elementor-element-75260c9b elementor-section-boxed elementor-section-height-default elementor-section-height-default\" data-id=\"75260c9b\" data-element_type=\"section\">\n\t\t\t\t\t\t<div class=\"elementor-container elementor-column-gap-default\">\n\t\t\t\t\t\t\t<div class=\"elementor-row\">\n\t\t\t\t\t<div class=\"elementor-column elementor-col-50 elementor-top-column elementor-element elementor-element-2ed899eb\" data-id=\"2ed899eb\" data-element_type=\"column\">\n\t\t\t<div class=\"elementor-column-wrap elementor-element-populated\">\n\t\t\t\t\t\t\t<div class=\"elementor-widget-wrap\">\n\t\t\t\t\t\t<div class=\"elementor-element elementor-element-3c20da07 elementor-widget elementor-widget-heading\" data-id=\"3c20da07\" data-element_type=\"widget\" data-widget_type=\"heading.default\">\n\t\t\t\t<div class=\"elementor-widget-container\">\n\t\t\t<h3 class=\"elementor-heading-title elementor-size-default\">Contacta con nosotros<\/h3>\t\t<\/div>\n\t\t\t\t<\/div>\n\t\t\t\t<div class=\"elementor-element elementor-element-2646e429 elementor-widget elementor-widget-heading\" data-id=\"2646e429\" data-element_type=\"widget\" data-widget_type=\"heading.default\">\n\t\t\t\t<div class=\"elementor-widget-container\">\n\t\t\t<h3 class=\"elementor-heading-title elementor-size-default\">Emergencias<\/h3>\t\t<\/div>\n\t\t\t\t<\/div>\n\t\t\t\t<div class=\"elementor-element elementor-element-1732a18 elementor-widget elementor-widget-heading\" data-id=\"1732a18\" data-element_type=\"widget\" data-widget_type=\"heading.default\">\n\t\t\t\t<div class=\"elementor-widget-container\">\n\t\t\t<p class=\"elementor-heading-title elementor-size-default\">Obtenga tratamiento urgente en caso de una emergencia dental para evitar cualquier da\u00f1o o malestar. Necesita un dentista que pueda tratar el problema de inmediato el mismo d\u00eda sin tener que cambiarlo en una fecha posterior. Las emergencias dentales pueden sucederle a cualquier persona en cualquier momento. Canadian Place Dentistry est\u00e1 abierto 5 d\u00edas a la semana. Simplemente cont\u00e1ctenos y manejaremos la emergencia lo antes posible. <br> <br>\n\u00bfQu\u00e9 se considera una emergencia dental?<\/p>\t\t<\/div>\n\t\t\t\t<\/div>\n\t\t\t\t<div class=\"elementor-element elementor-element-5d484ba3 elementor-icon-list--layout-traditional elementor-list-item-link-full_width elementor-widget elementor-widget-icon-list\" data-id=\"5d484ba3\" data-element_type=\"widget\" data-widget_type=\"icon-list.default\">\n\t\t\t\t<div class=\"elementor-widget-container\">\n\t\t\t\t\t<ul class=\"elementor-icon-list-items\">\n\t\t\t\t\t\t\t<li class=\"elementor-icon-list-item\">\n\t\t\t\t\t\t\t\t\t\t\t<span class=\"elementor-icon-list-icon\">\n\t\t\t\t\t\t\t<i aria-hidden=\"true\" class=\"fas fa-check\"><\/i>\t\t\t\t\t\t<\/span>\n\t\t\t\t\t\t\t\t\t\t<span class=\"elementor-icon-list-text\">Relleno suelto<\/span>\n\t\t\t\t\t\t\t\t\t<\/li>\n\t\t\t\t\t\t\t\t<li class=\"elementor-icon-list-item\">\n\t\t\t\t\t\t\t\t\t\t\t<span class=\"elementor-icon-list-icon\">\n\t\t\t\t\t\t\t<i aria-hidden=\"true\" class=\"fas fa-check\"><\/i>\t\t\t\t\t\t<\/span>\n\t\t\t\t\t\t\t\t\t\t<span class=\"elementor-icon-list-text\">Diente fracturado<\/span>\n\t\t\t\t\t\t\t\t\t<\/li>\n\t\t\t\t\t\t\t\t<li class=\"elementor-icon-list-item\">\n\t\t\t\t\t\t\t\t\t\t\t<span class=\"elementor-icon-list-icon\">\n\t\t\t\t\t\t\t<i aria-hidden=\"true\" class=\"fas fa-check\"><\/i>\t\t\t\t\t\t<\/span>\n\t\t\t\t\t\t\t\t\t\t<span class=\"elementor-icon-list-text\">Enc\u00edas irritadas o hinchadas<\/span>\n\t\t\t\t\t\t\t\t\t<\/li>\n\t\t\t\t\t\t\t\t<li class=\"elementor-icon-list-item\">\n\t\t\t\t\t\t\t\t\t\t\t<span class=\"elementor-icon-list-icon\">\n\t\t\t\t\t\t\t<i aria-hidden=\"true\" class=\"fas fa-check\"><\/i>\t\t\t\t\t\t<\/span>\n\t\t\t\t\t\t\t\t\t\t<span class=\"elementor-icon-list-text\">Diente o corona sueltos<\/span>\n\t\t\t\t\t\t\t\t\t<\/li>\n\t\t\t\t\t\t\t\t<li class=\"elementor-icon-list-item\">\n\t\t\t\t\t\t\t\t\t\t\t<span class=\"elementor-icon-list-icon\">\n\t\t\t\t\t\t\t<i aria-hidden=\"true\" class=\"fas fa-check\"><\/i>\t\t\t\t\t\t<\/span>\n\t\t\t\t\t\t\t\t\t\t<span class=\"elementor-icon-list-text\">Endodoncias o problemas de muelas del juicio<\/span>\n\t\t\t\t\t\t\t\t\t<\/li>\n\t\t\t\t\t\t\t\t<li class=\"elementor-icon-list-item\">\n\t\t\t\t\t\t\t\t\t\t\t<span class=\"elementor-icon-list-icon\">\n\t\t\t\t\t\t\t<i aria-hidden=\"true\" class=\"fas fa-check\"><\/i>\t\t\t\t\t\t<\/span>\n\t\t\t\t\t\t\t\t\t\t<span class=\"elementor-icon-list-text\">Extracciones de emergencia<\/span>\n\t\t\t\t\t\t\t\t\t<\/li>\n\t\t\t\t\t\t\t\t<li class=\"elementor-icon-list-item\">\n\t\t\t\t\t\t\t\t\t\t\t<span class=\"elementor-icon-list-icon\">\n\t\t\t\t\t\t\t<i aria-hidden=\"true\" class=\"fas fa-check\"><\/i>\t\t\t\t\t\t<\/span>\n\t\t\t\t\t\t\t\t\t\t<span class=\"elementor-icon-list-text\">Dental Infections<\/span>\n\t\t\t\t\t\t\t\t\t<\/li>\n\t\t\t\t\t\t\t\t<li class=\"elementor-icon-list-item\">\n\t\t\t\t\t\t\t\t\t\t\t<span class=\"elementor-icon-list-icon\">\n\t\t\t\t\t\t\t<i aria-hidden=\"true\" class=\"fas fa-check\"><\/i>\t\t\t\t\t\t<\/span>\n\t\t\t\t\t\t\t\t\t\t<span class=\"elementor-icon-list-text\">Dentaduras postizas o aparatos ortop\u00e9dicos rotos<\/span>\n\t\t\t\t\t\t\t\t\t<\/li>\n\t\t\t\t\t\t\t\t<li class=\"elementor-icon-list-item\">\n\t\t\t\t\t\t\t\t\t\t\t<span class=\"elementor-icon-list-icon\">\n\t\t\t\t\t\t\t<i aria-hidden=\"true\" class=\"fas fa-check\"><\/i>\t\t\t\t\t\t<\/span>\n\t\t\t\t\t\t\t\t\t\t<span class=\"elementor-icon-list-text\">Dolor de boca<\/span>\n\t\t\t\t\t\t\t\t\t<\/li>\n\t\t\t\t\t\t\t\t<li class=\"elementor-icon-list-item\">\n\t\t\t\t\t\t\t\t\t\t\t<span class=\"elementor-icon-list-icon\">\n\t\t\t\t\t\t\t<i aria-hidden=\"true\" class=\"fas fa-check\"><\/i>\t\t\t\t\t\t<\/span>\n\t\t\t\t\t\t\t\t\t\t<span class=\"elementor-icon-list-text\">Otras emergencias de ortodoncia<\/span>\n\t\t\t\t\t\t\t\t\t<\/li>\n\t\t\t\t\t\t<\/ul>\n\t\t\t\t<\/div>\n\t\t\t\t<\/div>\n\t\t\t\t<div class=\"elementor-element elementor-element-14dfd60a elementor-mobile-align-justify elementor-widget elementor-widget-button\" data-id=\"14dfd60a\" data-element_type=\"widget\" data-widget_type=\"button.default\">\n\t\t\t\t<div class=\"elementor-widget-container\">\n\t\t\t\t\t<div class=\"elementor-button-wrapper\">\n\t\t\t<a href=\"\/contact\/\" class=\"elementor-button-link elementor-button elementor-size-sm\" role=\"button\">\n\t\t\t\t\t\t<span class=\"elementor-button-content-wrapper\">\n\t\t\t\t\t\t<span class=\"elementor-button-text\">Contacta con nosotros<\/span>\n\t\t<\/span>\n\t\t\t\t\t<\/a>\n\t\t<\/div>\n\t\t\t\t<\/div>\n\t\t\t\t<\/div>\n\t\t\t\t\t\t<\/div>\n\t\t\t\t\t<\/div>\n\t\t<\/div>\n\t\t\t\t<div class=\"elementor-column elementor-col-50 elementor-top-column elementor-element elementor-element-36ce659d elementor-hidden-phone\" data-id=\"36ce659d\" data-element_type=\"column\" data-settings=\"{&quot;background_background&quot;:&quot;classic&quot;}\">\n\t\t\t<div class=\"elementor-column-wrap elementor-element-populated\">\n\t\t\t\t\t\t\t<div class=\"elementor-widget-wrap\">\n\t\t\t\t\t\t<div class=\"elementor-element elementor-element-46f7b220 elementor-widget elementor-widget-spacer\" data-id=\"46f7b220\" data-element_type=\"widget\" data-widget_type=\"spacer.default\">\n\t\t\t\t<div class=\"elementor-widget-container\">\n\t\t\t\t\t<div class=\"elementor-spacer\">\n\t\t\t<div class=\"elementor-spacer-inner\"><\/div>\n\t\t<\/div>\n\t\t\t\t<\/div>\n\t\t\t\t<\/div>\n\t\t\t\t\t\t<\/div>\n\t\t\t\t\t<\/div>\n\t\t<\/div>\n\t\t\t\t\t\t\t\t<\/div>\n\t\t\t\t\t<\/div>\n\t\t<\/section>\n\t\t\t\t<section class=\"elementor-section elementor-top-section elementor-element elementor-element-7326f47a elementor-section-full_width ocultar elementor-section-height-default elementor-section-height-default\" data-id=\"7326f47a\" data-element_type=\"section\" data-settings=\"{&quot;background_background&quot;:&quot;classic&quot;}\">\n\t\t\t\t\t\t<div class=\"elementor-container elementor-column-gap-default\">\n\t\t\t\t\t\t\t<div class=\"elementor-row\">\n\t\t\t\t\t<div class=\"elementor-column elementor-col-100 elementor-top-column elementor-element elementor-element-134fff13\" data-id=\"134fff13\" data-element_type=\"column\">\n\t\t\t<div class=\"elementor-column-wrap elementor-element-populated\">\n\t\t\t\t\t\t\t<div class=\"elementor-widget-wrap\">\n\t\t\t\t\t\t<div class=\"elementor-element elementor-element-56f114d1 elementor-arrows-position-inside elementor-widget elementor-widget-image-carousel\" data-id=\"56f114d1\" data-element_type=\"widget\" data-settings=\"{&quot;slides_to_show&quot;:&quot;4&quot;,&quot;slides_to_show_tablet&quot;:&quot;3&quot;,&quot;slides_to_scroll&quot;:&quot;1&quot;,&quot;slides_to_scroll_tablet&quot;:&quot;1&quot;,&quot;navigation&quot;:&quot;arrows&quot;,&quot;autoplay_speed&quot;:7000,&quot;autoplay&quot;:&quot;yes&quot;,&quot;pause_on_hover&quot;:&quot;yes&quot;,&quot;pause_on_interaction&quot;:&quot;yes&quot;,&quot;infinite&quot;:&quot;yes&quot;,&quot;speed&quot;:500}\" data-widget_type=\"image-carousel.default\">\n\t\t\t\t<div class=\"elementor-widget-container\">\n\t\t\t\t\t<div class=\"elementor-image-carousel-wrapper swiper-container\" dir=\"ltr\">\n\t\t\t<div class=\"elementor-image-carousel swiper-wrapper swiper-image-stretch\">\n\t\t\t\t\t\t\t\t<div class=\"swiper-slide\"><a data-elementor-open-lightbox=\"yes\" data-elementor-lightbox-slideshow=\"56f114d1\" data-elementor-lightbox-title=\"services-gallery-1.jpg\" href=\"https:\/\/www.canadianplacedentistry.com\/es\/wp-content\/uploads\/sites\/3\/2020\/09\/services-gallery-1.jpg\"><figure class=\"swiper-slide-inner\"><img class=\"swiper-slide-image\" src=\"https:\/\/www.canadianplacedentistry.com\/es\/wp-content\/uploads\/sites\/3\/elementor\/thumbs\/services-gallery-1-pdpg4ct068z73dkubs7ot5dlvvo74dptzhfqzrde7s.jpg\" alt=\"services-gallery-1.jpg\" \/><\/figure><\/a><\/div><div class=\"swiper-slide\"><a data-elementor-open-lightbox=\"yes\" data-elementor-lightbox-slideshow=\"56f114d1\" data-elementor-lightbox-title=\"services-gallery-2.jpg\" href=\"https:\/\/www.canadianplacedentistry.com\/es\/wp-content\/uploads\/sites\/3\/2020\/09\/services-gallery-2.jpg\"><figure class=\"swiper-slide-inner\"><img class=\"swiper-slide-image\" src=\"https:\/\/www.canadianplacedentistry.com\/es\/wp-content\/uploads\/sites\/3\/elementor\/thumbs\/services-gallery-2-pdpg4ct068z73dkubs7ot5dlvvo74dptzhfqzrde7s.jpg\" alt=\"services-gallery-2.jpg\" \/><\/figure><\/a><\/div><div class=\"swiper-slide\"><a data-elementor-open-lightbox=\"yes\" data-elementor-lightbox-slideshow=\"56f114d1\" data-elementor-lightbox-title=\"services-gallery-3.jpg\" href=\"https:\/\/www.canadianplacedentistry.com\/es\/wp-content\/uploads\/sites\/3\/2020\/09\/services-gallery-3.jpg\"><figure class=\"swiper-slide-inner\"><img class=\"swiper-slide-image\" src=\"https:\/\/www.canadianplacedentistry.com\/es\/wp-content\/uploads\/sites\/3\/elementor\/thumbs\/services-gallery-3-pdpg526narxxsujz7l6m6gz1xa73w7il2z1uy8brjs.jpg\" alt=\"services-gallery-3.jpg\" \/><\/figure><\/a><\/div><div class=\"swiper-slide\"><a data-elementor-open-lightbox=\"yes\" data-elementor-lightbox-slideshow=\"56f114d1\" data-elementor-lightbox-title=\"services-gallery-4.jpg\" href=\"https:\/\/www.canadianplacedentistry.com\/es\/wp-content\/uploads\/sites\/3\/2020\/09\/services-gallery-4.jpg\"><figure class=\"swiper-slide-inner\"><img class=\"swiper-slide-image\" src=\"https:\/\/www.canadianplacedentistry.com\/es\/wp-content\/uploads\/sites\/3\/elementor\/thumbs\/services-gallery-4-pdpg526narxxsujz7l6m6gz1xa73w7il2z1uy8brjs.jpg\" alt=\"services-gallery-4.jpg\" \/><\/figure><\/a><\/div>\t\t\t<\/div>\n\t\t\t\t\t\t\t\t\t\t\t\t\t\t\t\t<div class=\"elementor-swiper-button elementor-swiper-button-prev\">\n\t\t\t\t\t\t<i class=\"eicon-chevron-left\" aria-hidden=\"true\"><\/i>\n\t\t\t\t\t\t<span class=\"elementor-screen-only\">Anterior<\/span>\n\t\t\t\t\t<\/div>\n\t\t\t\t\t<div class=\"elementor-swiper-button elementor-swiper-button-next\">\n\t\t\t\t\t\t<i class=\"eicon-chevron-right\" aria-hidden=\"true\"><\/i>\n\t\t\t\t\t\t<span class=\"elementor-screen-only\">Siguiente<\/span>\n\t\t\t\t\t<\/div>\n\t\t\t\t\t\t\t\t\t<\/div>\n\t\t\t\t<\/div>\n\t\t\t\t<\/div>\n\t\t\t\t\t\t<\/div>\n\t\t\t\t\t<\/div>\n\t\t<\/div>\n\t\t\t\t\t\t\t\t<\/div>\n\t\t\t\t\t<\/div>\n\t\t<\/section>\n\t\t\t\t\t\t<\/div>\n\t\t\t\t\t\t<\/div>\n\t\t\t\t\t<\/div>\n\t\t","protected":false},"excerpt":{"rendered":"<p>Emergencias Home P\u00e1ginas Emergencias Contacta con nosotros Emergencias Obtenga tratamiento urgente en caso de una emergencia dental para evitar cualquier da\u00f1o o malestar. Necesita un dentista que pueda tratar el problema de inmediato el mismo d\u00eda sin tener que cambiarlo en una fecha posterior. Las emergencias dentales pueden sucederle a cualquier persona en cualquier momento. [&hellip;]<\/p>\n","protected":false},"author":1,"featured_media":0,"parent":0,"menu_order":0,"comment_status":"closed","ping_status":"closed","template":"","meta":{"_coblocks_attr":"","_coblocks_dimensions":"","_coblocks_responsive_height":"","_coblocks_accordion_ie_support":""},"yoast_head":"<!-- This site is optimized with the Yoast SEO plugin v17.4 - https:\/\/yoast.com\/wordpress\/plugins\/seo\/ -->\n<title>Citas al dentista de emergencia las 24 horas, los 7 d\u00edas de la semana<\/title>\n<meta name=\"description\" content=\"Las emergencias dentales pueden sucederle a cualquier persona en cualquier momento. Canadian Place Dentistry est\u00e1 abierto 5 d\u00edas a la semana. Simplemente cont\u00e1ctenos y manejaremos la emergencia lo antes posible.\" \/>\n<meta name=\"robots\" content=\"index, follow, max-snippet:-1, max-image-preview:large, max-video-preview:-1\" \/>\n<link rel=\"canonical\" href=\"https:\/\/www.canadianplacedentistry.com\/es\/emergencias\/\" \/>\n<meta property=\"og:locale\" content=\"es_ES\" \/>\n<meta property=\"og:type\" content=\"article\" \/>\n<meta property=\"og:title\" content=\"Citas al dentista de emergencia las 24 horas, los 7 d\u00edas de la semana\" \/>\n<meta property=\"og:description\" content=\"Las emergencias dentales pueden sucederle a cualquier persona en cualquier momento. Canadian Place Dentistry est\u00e1 abierto 5 d\u00edas a la semana. Simplemente cont\u00e1ctenos y manejaremos la emergencia lo antes posible.\" \/>\n<meta property=\"og:url\" content=\"https:\/\/www.canadianplacedentistry.com\/es\/emergencias\/\" \/>\n<meta property=\"og:site_name\" content=\"Canadian Place Dentistry ES\" \/>\n<meta property=\"article:modified_time\" content=\"2021-10-31T03:08:49+00:00\" \/>\n<meta property=\"og:image\" content=\"https:\/\/www.canadianplacedentistry.com\/es\/wp-content\/uploads\/sites\/3\/elementor\/thumbs\/services-gallery-1-pdpg4ct068z73dkubs7ot5dlvvo74dptzhfqrtl728.jpg\" \/>\n<meta name=\"twitter:card\" content=\"summary_large_image\" \/>\n<meta name=\"twitter:label1\" content=\"Tiempo estimado de lectura\" \/>\n\t<meta name=\"twitter:data1\" content=\"3 minutos\" \/>\n<script type=\"application\/ld+json\" class=\"yoast-schema-graph\">{\"@context\":\"https:\/\/schema.org\",\"@graph\":[{\"@type\":\"WebSite\",\"@id\":\"https:\/\/www.canadianplacedentistry.com\/es\/#website\",\"url\":\"https:\/\/www.canadianplacedentistry.com\/es\/\",\"name\":\"Canadian Place Dentistry ES\",\"description\":\"\",\"potentialAction\":[{\"@type\":\"SearchAction\",\"target\":{\"@type\":\"EntryPoint\",\"urlTemplate\":\"https:\/\/www.canadianplacedentistry.com\/es\/?s={search_term_string}\"},\"query-input\":\"required name=search_term_string\"}],\"inLanguage\":\"es-CO\"},{\"@type\":\"ImageObject\",\"@id\":\"https:\/\/www.canadianplacedentistry.com\/es\/emergencias\/#primaryimage\",\"inLanguage\":\"es-CO\",\"url\":\"https:\/\/www.canadianplacedentistry.com\/es\/wp-content\/uploads\/sites\/3\/elementor\/thumbs\/services-gallery-1-pdpg4ct068z73dkubs7ot5dlvvo74dptzhfqrtl728.jpg\",\"contentUrl\":\"https:\/\/www.canadianplacedentistry.com\/es\/wp-content\/uploads\/sites\/3\/elementor\/thumbs\/services-gallery-1-pdpg4ct068z73dkubs7ot5dlvvo74dptzhfqrtl728.jpg\"},{\"@type\":\"WebPage\",\"@id\":\"https:\/\/www.canadianplacedentistry.com\/es\/emergencias\/#webpage\",\"url\":\"https:\/\/www.canadianplacedentistry.com\/es\/emergencias\/\",\"name\":\"Citas al dentista de emergencia las 24 horas, los 7 d\\u00edas de la semana\",\"isPartOf\":{\"@id\":\"https:\/\/www.canadianplacedentistry.com\/es\/#website\"},\"primaryImageOfPage\":{\"@id\":\"https:\/\/www.canadianplacedentistry.com\/es\/emergencias\/#primaryimage\"},\"datePublished\":\"2020-10-27T14:52:04+00:00\",\"dateModified\":\"2021-10-31T03:08:49+00:00\",\"description\":\"Las emergencias dentales pueden sucederle a cualquier persona en cualquier momento. Canadian Place Dentistry est\\u00e1 abierto 5 d\\u00edas a la semana. Simplemente cont\\u00e1ctenos y manejaremos la emergencia lo antes posible.\",\"breadcrumb\":{\"@id\":\"https:\/\/www.canadianplacedentistry.com\/es\/emergencias\/#breadcrumb\"},\"inLanguage\":\"es-CO\",\"potentialAction\":[{\"@type\":\"ReadAction\",\"target\":[\"https:\/\/www.canadianplacedentistry.com\/es\/emergencias\/\"]}]},{\"@type\":\"BreadcrumbList\",\"@id\":\"https:\/\/www.canadianplacedentistry.com\/es\/emergencias\/#breadcrumb\",\"itemListElement\":[{\"@type\":\"ListItem\",\"position\":1,\"name\":\"Home\",\"item\":\"https:\/\/www.canadianplacedentistry.com\/es\/\"},{\"@type\":\"ListItem\",\"position\":2,\"name\":\"Emergencias\"}]}]}<\/script>\n<!-- \/ Yoast SEO plugin. -->","yoast_head_json":{"title":"Citas al dentista de emergencia las 24 horas, los 7 d\u00edas de la semana","description":"Las emergencias dentales pueden sucederle a cualquier persona en cualquier momento. Canadian Place Dentistry est\u00e1 abierto 5 d\u00edas a la semana. Simplemente cont\u00e1ctenos y manejaremos la emergencia lo antes posible.","robots":{"index":"index","follow":"follow","max-snippet":"max-snippet:-1","max-image-preview":"max-image-preview:large","max-video-preview":"max-video-preview:-1"},"canonical":"https:\/\/www.canadianplacedentistry.com\/es\/emergencias\/","og_locale":"es_ES","og_type":"article","og_title":"Citas al dentista de emergencia las 24 horas, los 7 d\u00edas de la semana","og_description":"Las emergencias dentales pueden sucederle a cualquier persona en cualquier momento. Canadian Place Dentistry est\u00e1 abierto 5 d\u00edas a la semana. Simplemente cont\u00e1ctenos y manejaremos la emergencia lo antes posible.","og_url":"https:\/\/www.canadianplacedentistry.com\/es\/emergencias\/","og_site_name":"Canadian Place Dentistry ES","article_modified_time":"2021-10-31T03:08:49+00:00","og_image":[{"url":"https:\/\/www.canadianplacedentistry.com\/es\/wp-content\/uploads\/sites\/3\/elementor\/thumbs\/services-gallery-1-pdpg4ct068z73dkubs7ot5dlvvo74dptzhfqrtl728.jpg"}],"twitter_card":"summary_large_image","twitter_misc":{"Tiempo estimado de lectura":"3 minutos"},"schema":{"@context":"https:\/\/schema.org","@graph":[{"@type":"WebSite","@id":"https:\/\/www.canadianplacedentistry.com\/es\/#website","url":"https:\/\/www.canadianplacedentistry.com\/es\/","name":"Canadian Place Dentistry ES","description":"","potentialAction":[{"@type":"SearchAction","target":{"@type":"EntryPoint","urlTemplate":"https:\/\/www.canadianplacedentistry.com\/es\/?s={search_term_string}"},"query-input":"required name=search_term_string"}],"inLanguage":"es-CO"},{"@type":"ImageObject","@id":"https:\/\/www.canadianplacedentistry.com\/es\/emergencias\/#primaryimage","inLanguage":"es-CO","url":"https:\/\/www.canadianplacedentistry.com\/es\/wp-content\/uploads\/sites\/3\/elementor\/thumbs\/services-gallery-1-pdpg4ct068z73dkubs7ot5dlvvo74dptzhfqrtl728.jpg","contentUrl":"https:\/\/www.canadianplacedentistry.com\/es\/wp-content\/uploads\/sites\/3\/elementor\/thumbs\/services-gallery-1-pdpg4ct068z73dkubs7ot5dlvvo74dptzhfqrtl728.jpg"},{"@type":"WebPage","@id":"https:\/\/www.canadianplacedentistry.com\/es\/emergencias\/#webpage","url":"https:\/\/www.canadianplacedentistry.com\/es\/emergencias\/","name":"Citas al dentista de emergencia las 24 horas, los 7 d\u00edas de la semana","isPartOf":{"@id":"https:\/\/www.canadianplacedentistry.com\/es\/#website"},"primaryImageOfPage":{"@id":"https:\/\/www.canadianplacedentistry.com\/es\/emergencias\/#primaryimage"},"datePublished":"2020-10-27T14:52:04+00:00","dateModified":"2021-10-31T03:08:49+00:00","description":"Las emergencias dentales pueden sucederle a cualquier persona en cualquier momento. Canadian Place Dentistry est\u00e1 abierto 5 d\u00edas a la semana. Simplemente cont\u00e1ctenos y manejaremos la emergencia lo antes posible.","breadcrumb":{"@id":"https:\/\/www.canadianplacedentistry.com\/es\/emergencias\/#breadcrumb"},"inLanguage":"es-CO","potentialAction":[{"@type":"ReadAction","target":["https:\/\/www.canadianplacedentistry.com\/es\/emergencias\/"]}]},{"@type":"BreadcrumbList","@id":"https:\/\/www.canadianplacedentistry.com\/es\/emergencias\/#breadcrumb","itemListElement":[{"@type":"ListItem","position":1,"name":"Home","item":"https:\/\/www.canadianplacedentistry.com\/es\/"},{"@type":"ListItem","position":2,"name":"Emergencias"}]}]}},"_links":{"self":[{"href":"https:\/\/www.canadianplacedentistry.com\/es\/wp-json\/wp\/v2\/pages\/426"}],"collection":[{"href":"https:\/\/www.canadianplacedentistry.com\/es\/wp-json\/wp\/v2\/pages"}],"about":[{"href":"https:\/\/www.canadianplacedentistry.com\/es\/wp-json\/wp\/v2\/types\/page"}],"author":[{"embeddable":true,"href":"https:\/\/www.canadianplacedentistry.com\/es\/wp-json\/wp\/v2\/users\/1"}],"replies":[{"embeddable":true,"href":"https:\/\/www.canadianplacedentistry.com\/es\/wp-json\/wp\/v2\/comments?post=426"}],"version-history":[{"count":13,"href":"https:\/\/www.canadianplacedentistry.com\/es\/wp-json\/wp\/v2\/pages\/426\/revisions"}],"predecessor-version":[{"id":857,"href":"https:\/\/www.canadianplacedentistry.com\/es\/wp-json\/wp\/v2\/pages\/426\/revisions\/857"}],"wp:attachment":[{"href":"https:\/\/www.canadianplacedentistry.com\/es\/wp-json\/wp\/v2\/media?parent=426"}],"curies":[{"name":"wp","href":"https:\/\/api.w.org\/{rel}","templated":true}]}}