{"id":288,"date":"2020-10-21T21:00:40","date_gmt":"2020-10-21T21:00:40","guid":{"rendered":"https:\/\/www.canadianplacedentistry.com\/es\/?page_id=288"},"modified":"2021-10-31T03:02:02","modified_gmt":"2021-10-31T03:02:02","slug":"servicios","status":"publish","type":"page","link":"https:\/\/www.canadianplacedentistry.com\/es\/servicios\/","title":{"rendered":"Servicios"},"content":{"rendered":"\t\t<div data-elementor-type=\"wp-page\" data-elementor-id=\"288\" class=\"elementor elementor-288\" data-elementor-settings=\"[]\">\n\t\t\t\t\t\t<div class=\"elementor-inner\">\n\t\t\t\t\t\t\t<div class=\"elementor-section-wrap\">\n\t\t\t\t\t\t\t<section class=\"elementor-section elementor-top-section elementor-element elementor-element-2d61164d elementor-section-content-middle elementor-section-boxed elementor-section-height-default elementor-section-height-default\" data-id=\"2d61164d\" data-element_type=\"section\" data-settings=\"{&quot;background_background&quot;:&quot;classic&quot;,&quot;animation&quot;:&quot;none&quot;}\">\n\t\t\t\t\t\t<div class=\"elementor-container elementor-column-gap-default\">\n\t\t\t\t\t\t\t<div class=\"elementor-row\">\n\t\t\t\t\t<div class=\"elementor-column elementor-col-66 elementor-top-column elementor-element elementor-element-24456f30\" data-id=\"24456f30\" data-element_type=\"column\">\n\t\t\t<div class=\"elementor-column-wrap elementor-element-populated\">\n\t\t\t\t\t\t\t<div class=\"elementor-widget-wrap\">\n\t\t\t\t\t\t<div class=\"elementor-element elementor-element-f0ca38c elementor-widget elementor-widget-heading\" data-id=\"f0ca38c\" data-element_type=\"widget\" data-widget_type=\"heading.default\">\n\t\t\t\t<div class=\"elementor-widget-container\">\n\t\t\t<h2 class=\"elementor-heading-title elementor-size-default\">Nuestros Servicios\n<\/h2>\t\t<\/div>\n\t\t\t\t<\/div>\n\t\t\t\t\t\t<\/div>\n\t\t\t\t\t<\/div>\n\t\t<\/div>\n\t\t\t\t<div class=\"elementor-column elementor-col-33 elementor-top-column elementor-element elementor-element-3144ae80\" data-id=\"3144ae80\" data-element_type=\"column\">\n\t\t\t<div class=\"elementor-column-wrap elementor-element-populated\">\n\t\t\t\t\t\t\t<div class=\"elementor-widget-wrap\">\n\t\t\t\t\t\t<div class=\"elementor-element elementor-element-6b03eb1 elementor-widget elementor-widget-wwp-elementor-dynamic-breadcrumbs\" data-id=\"6b03eb1\" data-element_type=\"widget\" data-widget_type=\"wwp-elementor-dynamic-breadcrumbs.default\">\n\t\t\t\t<div class=\"elementor-widget-container\">\n\t\t\t<style>#breadcrumb-69e5e093b39d1 li::after { content: \"\u00bb\" }<\/style><ol class=\"wwp-elementor-breadcrumbs \" id=\"breadcrumb-69e5e093b39d1\"><li class=\"visited\"><a href=\"\/\">Home<\/a><\/li><li class=\"visited\"><a href=\"\">P\u00e1ginas<\/a><\/li><li class=\"current\"><span>Servicios<\/span><\/li><\/ol><script type=\"application\/ld+json\">{\"@context\":\"https:\\\/\\\/schema.org\\\/\",\"@type\":\"BreadcrumbList\",\"itemListElement\":[{\"@type\":\"ListItem\",\"position\":1,\"name\":\"Servicios\",\"item\":\"https:\\\/\\\/www.canadianplacedentistry.com\\\/es\\\/wp-json\\\/wp\\\/v2\\\/pages\\\/288\"}]}<\/script>\t\t<\/div>\n\t\t\t\t<\/div>\n\t\t\t\t\t\t<\/div>\n\t\t\t\t\t<\/div>\n\t\t<\/div>\n\t\t\t\t\t\t\t\t<\/div>\n\t\t\t\t\t<\/div>\n\t\t<\/section>\n\t\t\t\t<section class=\"elementor-section elementor-top-section elementor-element elementor-element-2bc5c268 elementor-section-boxed elementor-section-height-default elementor-section-height-default\" data-id=\"2bc5c268\" data-element_type=\"section\">\n\t\t\t\t\t\t<div class=\"elementor-container elementor-column-gap-default\">\n\t\t\t\t\t\t\t<div class=\"elementor-row\">\n\t\t\t\t\t<div class=\"elementor-column elementor-col-100 elementor-top-column elementor-element elementor-element-19eca293\" data-id=\"19eca293\" data-element_type=\"column\">\n\t\t\t<div class=\"elementor-column-wrap elementor-element-populated\">\n\t\t\t\t\t\t\t<div class=\"elementor-widget-wrap\">\n\t\t\t\t\t\t<div class=\"elementor-element elementor-element-504bb709 elementor-widget elementor-widget-heading\" data-id=\"504bb709\" data-element_type=\"widget\" data-widget_type=\"heading.default\">\n\t\t\t\t<div class=\"elementor-widget-container\">\n\t\t\t<h3 class=\"elementor-heading-title elementor-size-default\">Servicios Dentales<\/h3>\t\t<\/div>\n\t\t\t\t<\/div>\n\t\t\t\t<div class=\"elementor-element elementor-element-76e61144 elementor-widget elementor-widget-heading\" data-id=\"76e61144\" data-element_type=\"widget\" data-widget_type=\"heading.default\">\n\t\t\t\t<div class=\"elementor-widget-container\">\n\t\t\t<h3 class=\"elementor-heading-title elementor-size-default\">Nuestros servicios de atenci\u00f3n dental<\/h3>\t\t<\/div>\n\t\t\t\t<\/div>\n\t\t\t\t<section class=\"elementor-section elementor-inner-section elementor-element elementor-element-127c7e65 elementor-section-boxed elementor-section-height-default elementor-section-height-default\" data-id=\"127c7e65\" data-element_type=\"section\">\n\t\t\t\t\t\t<div class=\"elementor-container elementor-column-gap-default\">\n\t\t\t\t\t\t\t<div class=\"elementor-row\">\n\t\t\t\t\t<div class=\"elementor-column elementor-col-25 elementor-inner-column elementor-element elementor-element-6646bc81 animated-fast elementor-invisible\" data-id=\"6646bc81\" data-element_type=\"column\" data-settings=\"{&quot;animation&quot;:&quot;fadeInUp&quot;}\">\n\t\t\t<div class=\"elementor-column-wrap elementor-element-populated\">\n\t\t\t\t\t\t\t<div class=\"elementor-widget-wrap\">\n\t\t\t\t\t\t<div class=\"elementor-element elementor-element-358e11d1 elementor-position-top elementor-vertical-align-top elementor-widget elementor-widget-image-box\" data-id=\"358e11d1\" data-element_type=\"widget\" data-widget_type=\"image-box.default\">\n\t\t\t\t<div class=\"elementor-widget-container\">\n\t\t\t<div class=\"elementor-image-box-wrapper\"><figure class=\"elementor-image-box-img\"><a href=\"https:\/\/www.canadianplacedentistry.com\/services\/orthodontics\/\"><img width=\"300\" height=\"215\" src=\"https:\/\/www.canadianplacedentistry.com\/es\/wp-content\/uploads\/sites\/3\/2020\/11\/services-05-03-300x215.jpg\" class=\"elementor-animation-grow attachment-medium size-medium\" alt=\"\" loading=\"lazy\" \/><\/a><\/figure><div class=\"elementor-image-box-content\"><h3 class=\"elementor-image-box-title\"><a href=\"https:\/\/www.canadianplacedentistry.com\/services\/orthodontics\/\">Ortodoncia<\/a><\/h3><\/div><\/div>\t\t<\/div>\n\t\t\t\t<\/div>\n\t\t\t\t\t\t<\/div>\n\t\t\t\t\t<\/div>\n\t\t<\/div>\n\t\t\t\t<div class=\"elementor-column elementor-col-25 elementor-inner-column elementor-element elementor-element-6e99317 animated-fast elementor-invisible\" data-id=\"6e99317\" data-element_type=\"column\" data-settings=\"{&quot;animation&quot;:&quot;fadeInUp&quot;,&quot;animation_delay&quot;:200}\">\n\t\t\t<div class=\"elementor-column-wrap elementor-element-populated\">\n\t\t\t\t\t\t\t<div class=\"elementor-widget-wrap\">\n\t\t\t\t\t\t<div class=\"elementor-element elementor-element-4927a229 elementor-position-top elementor-vertical-align-top elementor-widget elementor-widget-image-box\" data-id=\"4927a229\" data-element_type=\"widget\" data-widget_type=\"image-box.default\">\n\t\t\t\t<div class=\"elementor-widget-container\">\n\t\t\t<div class=\"elementor-image-box-wrapper\"><figure class=\"elementor-image-box-img\"><a href=\"https:\/\/www.canadianplacedentistry.com\/services\/prosthodontics\/\"><img width=\"300\" height=\"216\" src=\"https:\/\/www.canadianplacedentistry.com\/es\/wp-content\/uploads\/sites\/3\/2020\/11\/services-05-01-300x216.jpg\" class=\"elementor-animation-grow attachment-medium size-medium\" alt=\"\" loading=\"lazy\" \/><\/a><\/figure><div class=\"elementor-image-box-content\"><h3 class=\"elementor-image-box-title\"><a href=\"https:\/\/www.canadianplacedentistry.com\/services\/prosthodontics\/\">Prostodoncia<\/a><\/h3><\/div><\/div>\t\t<\/div>\n\t\t\t\t<\/div>\n\t\t\t\t\t\t<\/div>\n\t\t\t\t\t<\/div>\n\t\t<\/div>\n\t\t\t\t<div class=\"elementor-column elementor-col-25 elementor-inner-column elementor-element elementor-element-33a4833 animated-fast elementor-invisible\" data-id=\"33a4833\" data-element_type=\"column\" data-settings=\"{&quot;animation&quot;:&quot;fadeInUp&quot;,&quot;animation_delay&quot;:400}\">\n\t\t\t<div class=\"elementor-column-wrap elementor-element-populated\">\n\t\t\t\t\t\t\t<div class=\"elementor-widget-wrap\">\n\t\t\t\t\t\t<div class=\"elementor-element elementor-element-482b7d9e elementor-position-top elementor-vertical-align-top elementor-widget elementor-widget-image-box\" data-id=\"482b7d9e\" data-element_type=\"widget\" data-widget_type=\"image-box.default\">\n\t\t\t\t<div class=\"elementor-widget-container\">\n\t\t\t<div class=\"elementor-image-box-wrapper\"><figure class=\"elementor-image-box-img\"><a href=\"https:\/\/www.canadianplacedentistry.com\/services\/surgery\/\"><img width=\"300\" height=\"215\" src=\"https:\/\/www.canadianplacedentistry.com\/es\/wp-content\/uploads\/sites\/3\/2020\/11\/services-05-02-300x215.jpg\" class=\"elementor-animation-grow attachment-medium size-medium\" alt=\"\" loading=\"lazy\" \/><\/a><\/figure><div class=\"elementor-image-box-content\"><h3 class=\"elementor-image-box-title\"><a href=\"https:\/\/www.canadianplacedentistry.com\/services\/surgery\/\">Cirug\u00eda<\/a><\/h3><\/div><\/div>\t\t<\/div>\n\t\t\t\t<\/div>\n\t\t\t\t\t\t<\/div>\n\t\t\t\t\t<\/div>\n\t\t<\/div>\n\t\t\t\t<div class=\"elementor-column elementor-col-25 elementor-inner-column elementor-element elementor-element-3205449f animated-fast elementor-invisible\" data-id=\"3205449f\" data-element_type=\"column\" data-settings=\"{&quot;animation&quot;:&quot;fadeInUp&quot;,&quot;animation_delay&quot;:600}\">\n\t\t\t<div class=\"elementor-column-wrap elementor-element-populated\">\n\t\t\t\t\t\t\t<div class=\"elementor-widget-wrap\">\n\t\t\t\t\t\t<div class=\"elementor-element elementor-element-4c5032e6 elementor-position-top elementor-vertical-align-top elementor-widget elementor-widget-image-box\" data-id=\"4c5032e6\" data-element_type=\"widget\" data-widget_type=\"image-box.default\">\n\t\t\t\t<div class=\"elementor-widget-container\">\n\t\t\t<div class=\"elementor-image-box-wrapper\"><figure class=\"elementor-image-box-img\"><a href=\"https:\/\/www.canadianplacedentistry.com\/services\/cosmetic-dentistry\/\"><img width=\"300\" height=\"216\" src=\"https:\/\/www.canadianplacedentistry.com\/es\/wp-content\/uploads\/sites\/3\/2020\/11\/services-05-04-300x216.jpg\" class=\"elementor-animation-grow attachment-medium size-medium\" alt=\"\" loading=\"lazy\" \/><\/a><\/figure><div class=\"elementor-image-box-content\"><h3 class=\"elementor-image-box-title\"><a href=\"https:\/\/www.canadianplacedentistry.com\/services\/cosmetic-dentistry\/\"> Odontolog\u00eda cosmetica<\/a><\/h3><\/div><\/div>\t\t<\/div>\n\t\t\t\t<\/div>\n\t\t\t\t\t\t<\/div>\n\t\t\t\t\t<\/div>\n\t\t<\/div>\n\t\t\t\t\t\t\t\t<\/div>\n\t\t\t\t\t<\/div>\n\t\t<\/section>\n\t\t\t\t<section class=\"elementor-section elementor-inner-section elementor-element elementor-element-6457f0f5 elementor-section-boxed elementor-section-height-default elementor-section-height-default\" data-id=\"6457f0f5\" data-element_type=\"section\">\n\t\t\t\t\t\t<div class=\"elementor-container elementor-column-gap-default\">\n\t\t\t\t\t\t\t<div class=\"elementor-row\">\n\t\t\t\t\t<div class=\"elementor-column elementor-col-25 elementor-inner-column elementor-element elementor-element-335e04dd animated-fast elementor-invisible\" data-id=\"335e04dd\" data-element_type=\"column\" data-settings=\"{&quot;animation&quot;:&quot;fadeInUp&quot;}\">\n\t\t\t<div class=\"elementor-column-wrap elementor-element-populated\">\n\t\t\t\t\t\t\t<div class=\"elementor-widget-wrap\">\n\t\t\t\t\t\t<div class=\"elementor-element elementor-element-293c8b7f elementor-position-top elementor-vertical-align-top elementor-widget elementor-widget-image-box\" data-id=\"293c8b7f\" data-element_type=\"widget\" data-widget_type=\"image-box.default\">\n\t\t\t\t<div class=\"elementor-widget-container\">\n\t\t\t<div class=\"elementor-image-box-wrapper\"><figure class=\"elementor-image-box-img\"><a href=\"https:\/\/www.canadianplacedentistry.com\/services\/cleaning\/\"><img width=\"300\" height=\"200\" src=\"https:\/\/www.canadianplacedentistry.com\/es\/wp-content\/uploads\/sites\/3\/2020\/11\/dental-drilling-procedure-PE7F92Q-min-1-300x200.jpg\" class=\"elementor-animation-grow attachment-medium size-medium\" alt=\"\" loading=\"lazy\" \/><\/a><\/figure><div class=\"elementor-image-box-content\"><h3 class=\"elementor-image-box-title\"><a href=\"https:\/\/www.canadianplacedentistry.com\/services\/cleaning\/\">Limpieza<\/a><\/h3><\/div><\/div>\t\t<\/div>\n\t\t\t\t<\/div>\n\t\t\t\t\t\t<\/div>\n\t\t\t\t\t<\/div>\n\t\t<\/div>\n\t\t\t\t<div class=\"elementor-column elementor-col-25 elementor-inner-column elementor-element elementor-element-6a5c1378 animated-fast elementor-invisible\" data-id=\"6a5c1378\" data-element_type=\"column\" data-settings=\"{&quot;animation&quot;:&quot;fadeInUp&quot;,&quot;animation_delay&quot;:200}\">\n\t\t\t<div class=\"elementor-column-wrap elementor-element-populated\">\n\t\t\t\t\t\t\t<div class=\"elementor-widget-wrap\">\n\t\t\t\t\t\t<div class=\"elementor-element elementor-element-4ef44388 elementor-position-top elementor-vertical-align-top elementor-widget elementor-widget-image-box\" data-id=\"4ef44388\" data-element_type=\"widget\" data-widget_type=\"image-box.default\">\n\t\t\t\t<div class=\"elementor-widget-container\">\n\t\t\t<div class=\"elementor-image-box-wrapper\"><figure class=\"elementor-image-box-img\"><a href=\"https:\/\/www.canadianplacedentistry.com\/services\/root-canal-treatment\/\"><img width=\"300\" height=\"200\" src=\"https:\/\/www.canadianplacedentistry.com\/es\/wp-content\/uploads\/sites\/3\/2020\/11\/tooth-model-cross-section-with-dental-tools-on-bla-HVYTMU2-min_opt-300x200.jpg\" class=\"elementor-animation-grow attachment-medium size-medium\" alt=\"\" loading=\"lazy\" \/><\/a><\/figure><div class=\"elementor-image-box-content\"><h3 class=\"elementor-image-box-title\"><a href=\"https:\/\/www.canadianplacedentistry.com\/services\/root-canal-treatment\/\">Tratamiento de conducto<\/a><\/h3><\/div><\/div>\t\t<\/div>\n\t\t\t\t<\/div>\n\t\t\t\t\t\t<\/div>\n\t\t\t\t\t<\/div>\n\t\t<\/div>\n\t\t\t\t<div class=\"elementor-column elementor-col-25 elementor-inner-column elementor-element elementor-element-e5610fb animated-fast elementor-invisible\" data-id=\"e5610fb\" data-element_type=\"column\" data-settings=\"{&quot;animation&quot;:&quot;fadeInUp&quot;,&quot;animation_delay&quot;:400}\">\n\t\t\t<div class=\"elementor-column-wrap elementor-element-populated\">\n\t\t\t\t\t\t\t<div class=\"elementor-widget-wrap\">\n\t\t\t\t\t\t<div class=\"elementor-element elementor-element-cd50bf4 elementor-position-top elementor-vertical-align-top elementor-widget elementor-widget-image-box\" data-id=\"cd50bf4\" data-element_type=\"widget\" data-widget_type=\"image-box.default\">\n\t\t\t\t<div class=\"elementor-widget-container\">\n\t\t\t<div class=\"elementor-image-box-wrapper\"><figure class=\"elementor-image-box-img\"><a href=\"https:\/\/www.canadianplacedentistry.com\/services\/restorative-dentistry\/\"><img width=\"300\" height=\"200\" src=\"https:\/\/www.canadianplacedentistry.com\/es\/wp-content\/uploads\/sites\/3\/2020\/11\/denture-concept-PUA7MJF-min-300x200.jpg\" class=\"elementor-animation-grow attachment-medium size-medium\" alt=\"\" loading=\"lazy\" \/><\/a><\/figure><div class=\"elementor-image-box-content\"><h3 class=\"elementor-image-box-title\"><a href=\"https:\/\/www.canadianplacedentistry.com\/services\/restorative-dentistry\/\">Odontolog\u00eda Restauradora<\/a><\/h3><\/div><\/div>\t\t<\/div>\n\t\t\t\t<\/div>\n\t\t\t\t\t\t<\/div>\n\t\t\t\t\t<\/div>\n\t\t<\/div>\n\t\t\t\t<div class=\"elementor-column elementor-col-25 elementor-inner-column elementor-element elementor-element-2bcd7eaa animated-fast elementor-invisible\" data-id=\"2bcd7eaa\" data-element_type=\"column\" data-settings=\"{&quot;animation&quot;:&quot;fadeInUp&quot;,&quot;animation_delay&quot;:600}\">\n\t\t\t<div class=\"elementor-column-wrap\">\n\t\t\t\t\t\t\t<div class=\"elementor-widget-wrap\">\n\t\t\t\t\t\t\t\t<\/div>\n\t\t\t\t\t<\/div>\n\t\t<\/div>\n\t\t\t\t\t\t\t\t<\/div>\n\t\t\t\t\t<\/div>\n\t\t<\/section>\n\t\t\t\t\t\t<\/div>\n\t\t\t\t\t<\/div>\n\t\t<\/div>\n\t\t\t\t\t\t\t\t<\/div>\n\t\t\t\t\t<\/div>\n\t\t<\/section>\n\t\t\t\t\t\t<\/div>\n\t\t\t\t\t\t<\/div>\n\t\t\t\t\t<\/div>\n\t\t","protected":false},"excerpt":{"rendered":"<p>Nuestros Servicios Home P\u00e1ginas Servicios Servicios Dentales Nuestros servicios de atenci\u00f3n dental Ortodoncia Prostodoncia Cirug\u00eda Odontolog\u00eda cosmetica Limpieza Tratamiento de conducto Odontolog\u00eda Restauradora<\/p>\n","protected":false},"author":1,"featured_media":0,"parent":0,"menu_order":0,"comment_status":"closed","ping_status":"closed","template":"","meta":{"_coblocks_attr":"","_coblocks_dimensions":"","_coblocks_responsive_height":"","_coblocks_accordion_ie_support":""},"yoast_head":"<!-- This site is optimized with the Yoast SEO plugin v17.4 - https:\/\/yoast.com\/wordpress\/plugins\/seo\/ -->\n<title>Ven a ver todos nuestros servicios<\/title>\n<meta name=\"description\" content=\"Para una amplia gama de servicios, desde implantes dentales hasta tratamientos de conducto y cl\u00ednicas de enfermedades de las enc\u00edas, por tarifas, horarios, seguro y una lista completa de servicios.\" \/>\n<meta name=\"robots\" content=\"index, follow, max-snippet:-1, max-image-preview:large, max-video-preview:-1\" \/>\n<link rel=\"canonical\" href=\"https:\/\/www.canadianplacedentistry.com\/es\/servicios\/\" \/>\n<meta property=\"og:locale\" content=\"es_ES\" \/>\n<meta property=\"og:type\" content=\"article\" \/>\n<meta property=\"og:title\" content=\"Ven a ver todos nuestros servicios\" \/>\n<meta property=\"og:description\" content=\"Para una amplia gama de servicios, desde implantes dentales hasta tratamientos de conducto y cl\u00ednicas de enfermedades de las enc\u00edas, por tarifas, horarios, seguro y una lista completa de servicios.\" \/>\n<meta property=\"og:url\" content=\"https:\/\/www.canadianplacedentistry.com\/es\/servicios\/\" \/>\n<meta property=\"og:site_name\" content=\"Canadian Place Dentistry ES\" \/>\n<meta property=\"article:modified_time\" content=\"2021-10-31T03:02:02+00:00\" \/>\n<meta property=\"og:image\" content=\"https:\/\/www.canadianplacedentistry.com\/es\/wp-content\/uploads\/sites\/3\/2020\/11\/services-05-03-300x215.jpg\" \/>\n<meta name=\"twitter:card\" content=\"summary_large_image\" \/>\n<meta name=\"twitter:label1\" content=\"Tiempo estimado de lectura\" \/>\n\t<meta name=\"twitter:data1\" content=\"2 minutos\" \/>\n<script type=\"application\/ld+json\" class=\"yoast-schema-graph\">{\"@context\":\"https:\/\/schema.org\",\"@graph\":[{\"@type\":\"WebSite\",\"@id\":\"https:\/\/www.canadianplacedentistry.com\/es\/#website\",\"url\":\"https:\/\/www.canadianplacedentistry.com\/es\/\",\"name\":\"Canadian Place Dentistry ES\",\"description\":\"\",\"potentialAction\":[{\"@type\":\"SearchAction\",\"target\":{\"@type\":\"EntryPoint\",\"urlTemplate\":\"https:\/\/www.canadianplacedentistry.com\/es\/?s={search_term_string}\"},\"query-input\":\"required name=search_term_string\"}],\"inLanguage\":\"es-CO\"},{\"@type\":\"ImageObject\",\"@id\":\"https:\/\/www.canadianplacedentistry.com\/es\/servicios\/#primaryimage\",\"inLanguage\":\"es-CO\",\"url\":\"https:\/\/www.canadianplacedentistry.com\/es\/wp-content\/uploads\/sites\/3\/2020\/11\/services-05-03.jpg\",\"contentUrl\":\"https:\/\/www.canadianplacedentistry.com\/es\/wp-content\/uploads\/sites\/3\/2020\/11\/services-05-03.jpg\",\"width\":589,\"height\":423},{\"@type\":\"WebPage\",\"@id\":\"https:\/\/www.canadianplacedentistry.com\/es\/servicios\/#webpage\",\"url\":\"https:\/\/www.canadianplacedentistry.com\/es\/servicios\/\",\"name\":\"Ven a ver todos nuestros servicios\",\"isPartOf\":{\"@id\":\"https:\/\/www.canadianplacedentistry.com\/es\/#website\"},\"primaryImageOfPage\":{\"@id\":\"https:\/\/www.canadianplacedentistry.com\/es\/servicios\/#primaryimage\"},\"datePublished\":\"2020-10-21T21:00:40+00:00\",\"dateModified\":\"2021-10-31T03:02:02+00:00\",\"description\":\"Para una amplia gama de servicios, desde implantes dentales hasta tratamientos de conducto y cl\\u00ednicas de enfermedades de las enc\\u00edas, por tarifas, horarios, seguro y una lista completa de servicios.\",\"breadcrumb\":{\"@id\":\"https:\/\/www.canadianplacedentistry.com\/es\/servicios\/#breadcrumb\"},\"inLanguage\":\"es-CO\",\"potentialAction\":[{\"@type\":\"ReadAction\",\"target\":[\"https:\/\/www.canadianplacedentistry.com\/es\/servicios\/\"]}]},{\"@type\":\"BreadcrumbList\",\"@id\":\"https:\/\/www.canadianplacedentistry.com\/es\/servicios\/#breadcrumb\",\"itemListElement\":[{\"@type\":\"ListItem\",\"position\":1,\"name\":\"Home\",\"item\":\"https:\/\/www.canadianplacedentistry.com\/es\/\"},{\"@type\":\"ListItem\",\"position\":2,\"name\":\"Servicios\"}]}]}<\/script>\n<!-- \/ Yoast SEO plugin. -->","yoast_head_json":{"title":"Ven a ver todos nuestros servicios","description":"Para una amplia gama de servicios, desde implantes dentales hasta tratamientos de conducto y cl\u00ednicas de enfermedades de las enc\u00edas, por tarifas, horarios, seguro y una lista completa de servicios.","robots":{"index":"index","follow":"follow","max-snippet":"max-snippet:-1","max-image-preview":"max-image-preview:large","max-video-preview":"max-video-preview:-1"},"canonical":"https:\/\/www.canadianplacedentistry.com\/es\/servicios\/","og_locale":"es_ES","og_type":"article","og_title":"Ven a ver todos nuestros servicios","og_description":"Para una amplia gama de servicios, desde implantes dentales hasta tratamientos de conducto y cl\u00ednicas de enfermedades de las enc\u00edas, por tarifas, horarios, seguro y una lista completa de servicios.","og_url":"https:\/\/www.canadianplacedentistry.com\/es\/servicios\/","og_site_name":"Canadian Place Dentistry ES","article_modified_time":"2021-10-31T03:02:02+00:00","og_image":[{"url":"https:\/\/www.canadianplacedentistry.com\/es\/wp-content\/uploads\/sites\/3\/2020\/11\/services-05-03-300x215.jpg"}],"twitter_card":"summary_large_image","twitter_misc":{"Tiempo estimado de lectura":"2 minutos"},"schema":{"@context":"https:\/\/schema.org","@graph":[{"@type":"WebSite","@id":"https:\/\/www.canadianplacedentistry.com\/es\/#website","url":"https:\/\/www.canadianplacedentistry.com\/es\/","name":"Canadian Place Dentistry ES","description":"","potentialAction":[{"@type":"SearchAction","target":{"@type":"EntryPoint","urlTemplate":"https:\/\/www.canadianplacedentistry.com\/es\/?s={search_term_string}"},"query-input":"required name=search_term_string"}],"inLanguage":"es-CO"},{"@type":"ImageObject","@id":"https:\/\/www.canadianplacedentistry.com\/es\/servicios\/#primaryimage","inLanguage":"es-CO","url":"https:\/\/www.canadianplacedentistry.com\/es\/wp-content\/uploads\/sites\/3\/2020\/11\/services-05-03.jpg","contentUrl":"https:\/\/www.canadianplacedentistry.com\/es\/wp-content\/uploads\/sites\/3\/2020\/11\/services-05-03.jpg","width":589,"height":423},{"@type":"WebPage","@id":"https:\/\/www.canadianplacedentistry.com\/es\/servicios\/#webpage","url":"https:\/\/www.canadianplacedentistry.com\/es\/servicios\/","name":"Ven a ver todos nuestros servicios","isPartOf":{"@id":"https:\/\/www.canadianplacedentistry.com\/es\/#website"},"primaryImageOfPage":{"@id":"https:\/\/www.canadianplacedentistry.com\/es\/servicios\/#primaryimage"},"datePublished":"2020-10-21T21:00:40+00:00","dateModified":"2021-10-31T03:02:02+00:00","description":"Para una amplia gama de servicios, desde implantes dentales hasta tratamientos de conducto y cl\u00ednicas de enfermedades de las enc\u00edas, por tarifas, horarios, seguro y una lista completa de servicios.","breadcrumb":{"@id":"https:\/\/www.canadianplacedentistry.com\/es\/servicios\/#breadcrumb"},"inLanguage":"es-CO","potentialAction":[{"@type":"ReadAction","target":["https:\/\/www.canadianplacedentistry.com\/es\/servicios\/"]}]},{"@type":"BreadcrumbList","@id":"https:\/\/www.canadianplacedentistry.com\/es\/servicios\/#breadcrumb","itemListElement":[{"@type":"ListItem","position":1,"name":"Home","item":"https:\/\/www.canadianplacedentistry.com\/es\/"},{"@type":"ListItem","position":2,"name":"Servicios"}]}]}},"_links":{"self":[{"href":"https:\/\/www.canadianplacedentistry.com\/es\/wp-json\/wp\/v2\/pages\/288"}],"collection":[{"href":"https:\/\/www.canadianplacedentistry.com\/es\/wp-json\/wp\/v2\/pages"}],"about":[{"href":"https:\/\/www.canadianplacedentistry.com\/es\/wp-json\/wp\/v2\/types\/page"}],"author":[{"embeddable":true,"href":"https:\/\/www.canadianplacedentistry.com\/es\/wp-json\/wp\/v2\/users\/1"}],"replies":[{"embeddable":true,"href":"https:\/\/www.canadianplacedentistry.com\/es\/wp-json\/wp\/v2\/comments?post=288"}],"version-history":[{"count":19,"href":"https:\/\/www.canadianplacedentistry.com\/es\/wp-json\/wp\/v2\/pages\/288\/revisions"}],"predecessor-version":[{"id":845,"href":"https:\/\/www.canadianplacedentistry.com\/es\/wp-json\/wp\/v2\/pages\/288\/revisions\/845"}],"wp:attachment":[{"href":"https:\/\/www.canadianplacedentistry.com\/es\/wp-json\/wp\/v2\/media?parent=288"}],"curies":[{"name":"wp","href":"https:\/\/api.w.org\/{rel}","templated":true}]}}