{"id":279,"date":"2020-10-21T20:41:15","date_gmt":"2020-10-21T20:41:15","guid":{"rendered":"https:\/\/www.canadianplacedentistry.com\/es\/?page_id=279"},"modified":"2021-10-31T03:03:01","modified_gmt":"2021-10-31T03:03:01","slug":"prostodoncia","status":"publish","type":"page","link":"https:\/\/www.canadianplacedentistry.com\/es\/servicios\/prostodoncia\/","title":{"rendered":"Prostodoncia"},"content":{"rendered":"\t\t<div data-elementor-type=\"wp-page\" data-elementor-id=\"279\" class=\"elementor elementor-279\" data-elementor-settings=\"[]\">\n\t\t\t\t\t\t<div class=\"elementor-inner\">\n\t\t\t\t\t\t\t<div class=\"elementor-section-wrap\">\n\t\t\t\t\t\t\t<section class=\"elementor-section elementor-top-section elementor-element elementor-element-6c8e669c elementor-section-content-middle elementor-section-boxed elementor-section-height-default elementor-section-height-default\" data-id=\"6c8e669c\" data-element_type=\"section\" data-settings=\"{&quot;background_background&quot;:&quot;classic&quot;,&quot;animation&quot;:&quot;none&quot;}\">\n\t\t\t\t\t\t<div class=\"elementor-container elementor-column-gap-default\">\n\t\t\t\t\t\t\t<div class=\"elementor-row\">\n\t\t\t\t\t<div class=\"elementor-column elementor-col-66 elementor-top-column elementor-element elementor-element-efd7c20\" data-id=\"efd7c20\" data-element_type=\"column\">\n\t\t\t<div class=\"elementor-column-wrap elementor-element-populated\">\n\t\t\t\t\t\t\t<div class=\"elementor-widget-wrap\">\n\t\t\t\t\t\t<div class=\"elementor-element elementor-element-2ebd8e8 elementor-widget elementor-widget-heading\" data-id=\"2ebd8e8\" data-element_type=\"widget\" data-widget_type=\"heading.default\">\n\t\t\t\t<div class=\"elementor-widget-container\">\n\t\t\t<h1 class=\"elementor-heading-title elementor-size-default\">Prostodoncia<\/h1>\t\t<\/div>\n\t\t\t\t<\/div>\n\t\t\t\t\t\t<\/div>\n\t\t\t\t\t<\/div>\n\t\t<\/div>\n\t\t\t\t<div class=\"elementor-column elementor-col-33 elementor-top-column elementor-element elementor-element-14dafd8c\" data-id=\"14dafd8c\" data-element_type=\"column\">\n\t\t\t<div class=\"elementor-column-wrap elementor-element-populated\">\n\t\t\t\t\t\t\t<div class=\"elementor-widget-wrap\">\n\t\t\t\t\t\t<div class=\"elementor-element elementor-element-68dd275 elementor-widget elementor-widget-wwp-elementor-dynamic-breadcrumbs\" data-id=\"68dd275\" data-element_type=\"widget\" data-widget_type=\"wwp-elementor-dynamic-breadcrumbs.default\">\n\t\t\t\t<div class=\"elementor-widget-container\">\n\t\t\t<style>#breadcrumb-69e05302f2fc8 li::after { content: \"\u00bb\" }<\/style><ol class=\"wwp-elementor-breadcrumbs \" id=\"breadcrumb-69e05302f2fc8\"><li class=\"visited\"><a href=\"\/\">Home<\/a><\/li><li class=\"visited\"><a href=\"\">P\u00e1ginas<\/a><\/li><li class=\"visited\"><a href=\"https:\/\/www.canadianplacedentistry.com\/es\/servicios\/\">Servicios<\/a><\/li><li class=\"current\"><span>Prostodoncia<\/span><\/li><\/ol><script type=\"application\/ld+json\">{\"@context\":\"https:\\\/\\\/schema.org\\\/\",\"@type\":\"BreadcrumbList\",\"itemListElement\":[{\"@type\":\"ListItem\",\"position\":1,\"name\":\"Servicios\",\"item\":\"https:\\\/\\\/www.canadianplacedentistry.com\\\/es\\\/servicios\\\/\"},{\"@type\":\"ListItem\",\"position\":2,\"name\":\"Prostodoncia\",\"item\":\"https:\\\/\\\/www.canadianplacedentistry.com\\\/es\\\/wp-json\\\/wp\\\/v2\\\/pages\\\/279\"}]}<\/script>\t\t<\/div>\n\t\t\t\t<\/div>\n\t\t\t\t\t\t<\/div>\n\t\t\t\t\t<\/div>\n\t\t<\/div>\n\t\t\t\t\t\t\t\t<\/div>\n\t\t\t\t\t<\/div>\n\t\t<\/section>\n\t\t\t\t<section class=\"elementor-section elementor-top-section elementor-element elementor-element-75260c9b elementor-section-boxed elementor-section-height-default elementor-section-height-default\" data-id=\"75260c9b\" data-element_type=\"section\">\n\t\t\t\t\t\t<div class=\"elementor-container elementor-column-gap-default\">\n\t\t\t\t\t\t\t<div class=\"elementor-row\">\n\t\t\t\t\t<div class=\"elementor-column elementor-col-50 elementor-top-column elementor-element elementor-element-2ed899eb\" data-id=\"2ed899eb\" data-element_type=\"column\">\n\t\t\t<div class=\"elementor-column-wrap elementor-element-populated\">\n\t\t\t\t\t\t\t<div class=\"elementor-widget-wrap\">\n\t\t\t\t\t\t<div class=\"elementor-element elementor-element-3c20da07 elementor-widget elementor-widget-heading\" data-id=\"3c20da07\" data-element_type=\"widget\" data-widget_type=\"heading.default\">\n\t\t\t\t<div class=\"elementor-widget-container\">\n\t\t\t<h3 class=\"elementor-heading-title elementor-size-default\">SERVICIOS<\/h3>\t\t<\/div>\n\t\t\t\t<\/div>\n\t\t\t\t<div class=\"elementor-element elementor-element-2646e429 elementor-widget elementor-widget-heading\" data-id=\"2646e429\" data-element_type=\"widget\" data-widget_type=\"heading.default\">\n\t\t\t\t<div class=\"elementor-widget-container\">\n\t\t\t<h3 class=\"elementor-heading-title elementor-size-default\">Prostodoncia<\/h3>\t\t<\/div>\n\t\t\t\t<\/div>\n\t\t\t\t<div class=\"elementor-element elementor-element-1732a18 elementor-widget elementor-widget-heading\" data-id=\"1732a18\" data-element_type=\"widget\" data-widget_type=\"heading.default\">\n\t\t\t\t<div class=\"elementor-widget-container\">\n\t\t\t<p class=\"elementor-heading-title elementor-size-default\">La prostodoncia es una especialidad de la odontolog\u00eda que se centra en los dientes perdidos. El profesional capacitado trata una variedad de problemas bucales y brinda atenci\u00f3n especializada que se adapta a las necesidades particulares de cada paciente.\n<\/p>\t\t<\/div>\n\t\t\t\t<\/div>\n\t\t\t\t<div class=\"elementor-element elementor-element-2bdb014 elementor-widget elementor-widget-heading\" data-id=\"2bdb014\" data-element_type=\"widget\" data-widget_type=\"heading.default\">\n\t\t\t\t<div class=\"elementor-widget-container\">\n\t\t\t<h3 class=\"elementor-heading-title elementor-size-default\">Puentes dentales\n<\/h3>\t\t<\/div>\n\t\t\t\t<\/div>\n\t\t\t\t<div class=\"elementor-element elementor-element-757085c elementor-widget elementor-widget-heading\" data-id=\"757085c\" data-element_type=\"widget\" data-widget_type=\"heading.default\">\n\t\t\t\t<div class=\"elementor-widget-container\">\n\t\t\t<p class=\"elementor-heading-title elementor-size-default\">\nEl espacio formado por uno o m\u00e1s dientes faltantes se salva mediante esta operaci\u00f3n. A cada lado del espacio, un puente consta de dos o tres coronas para los dientes, estos dos o m\u00e1s dientes de anclaje se denominan dientes pilares, y un diente \/ dientes postizos en el medio. Estos dientes postizos se denominan p\u00f3nticos y pueden estar hechos de oro, aleaciones, porcelana o una mezcla de ellos. Se utilizan dientes naturales o implantes para sostener los puentes dentales.\n<BR>\nEntre sus beneficios, encontramos:<\/p>\t\t<\/div>\n\t\t\t\t<\/div>\n\t\t\t\t<div class=\"elementor-element elementor-element-ea84c49 elementor-icon-list--layout-traditional elementor-list-item-link-full_width elementor-widget elementor-widget-icon-list\" data-id=\"ea84c49\" data-element_type=\"widget\" data-widget_type=\"icon-list.default\">\n\t\t\t\t<div class=\"elementor-widget-container\">\n\t\t\t\t\t<ul class=\"elementor-icon-list-items\">\n\t\t\t\t\t\t\t<li class=\"elementor-icon-list-item\">\n\t\t\t\t\t\t\t\t\t\t\t<span class=\"elementor-icon-list-icon\">\n\t\t\t\t\t\t\t<i aria-hidden=\"true\" class=\"fas fa-check\"><\/i>\t\t\t\t\t\t<\/span>\n\t\t\t\t\t\t\t\t\t\t<span class=\"elementor-icon-list-text\">Restaura tu sonrisa<\/span>\n\t\t\t\t\t\t\t\t\t<\/li>\n\t\t\t\t\t\t\t\t<li class=\"elementor-icon-list-item\">\n\t\t\t\t\t\t\t\t\t\t\t<span class=\"elementor-icon-list-icon\">\n\t\t\t\t\t\t\t<i aria-hidden=\"true\" class=\"fas fa-check\"><\/i>\t\t\t\t\t\t<\/span>\n\t\t\t\t\t\t\t\t\t\t<span class=\"elementor-icon-list-text\">Restaurar la capacidad de masticar y hablar correctamente.<\/span>\n\t\t\t\t\t\t\t\t\t<\/li>\n\t\t\t\t\t\t\t\t<li class=\"elementor-icon-list-item\">\n\t\t\t\t\t\t\t\t\t\t\t<span class=\"elementor-icon-list-icon\">\n\t\t\t\t\t\t\t<i aria-hidden=\"true\" class=\"fas fa-check\"><\/i>\t\t\t\t\t\t<\/span>\n\t\t\t\t\t\t\t\t\t\t<span class=\"elementor-icon-list-text\">Mantener la forma del rostro<\/span>\n\t\t\t\t\t\t\t\t\t<\/li>\n\t\t\t\t\t\t\t\t<li class=\"elementor-icon-list-item\">\n\t\t\t\t\t\t\t\t\t\t\t<span class=\"elementor-icon-list-icon\">\n\t\t\t\t\t\t\t<i aria-hidden=\"true\" class=\"fas fa-check\"><\/i>\t\t\t\t\t\t<\/span>\n\t\t\t\t\t\t\t\t\t\t<span class=\"elementor-icon-list-text\"> Distribuye las fuerzas en tu mordida, quitando adecuadamente los dientes faltantes<\/span>\n\t\t\t\t\t\t\t\t\t<\/li>\n\t\t\t\t\t\t\t\t<li class=\"elementor-icon-list-item\">\n\t\t\t\t\t\t\t\t\t\t\t<span class=\"elementor-icon-list-icon\">\n\t\t\t\t\t\t\t<i aria-hidden=\"true\" class=\"fas fa-check\"><\/i>\t\t\t\t\t\t<\/span>\n\t\t\t\t\t\t\t\t\t\t<span class=\"elementor-icon-list-text\">Evitar que los dientes restantes se escapen<\/span>\n\t\t\t\t\t\t\t\t\t<\/li>\n\t\t\t\t\t\t<\/ul>\n\t\t\t\t<\/div>\n\t\t\t\t<\/div>\n\t\t\t\t\t\t<\/div>\n\t\t\t\t\t<\/div>\n\t\t<\/div>\n\t\t\t\t<div class=\"elementor-column elementor-col-50 elementor-top-column elementor-element elementor-element-36ce659d elementor-hidden-phone\" data-id=\"36ce659d\" data-element_type=\"column\" data-settings=\"{&quot;background_background&quot;:&quot;classic&quot;}\">\n\t\t\t<div class=\"elementor-column-wrap elementor-element-populated\">\n\t\t\t\t\t\t\t<div class=\"elementor-widget-wrap\">\n\t\t\t\t\t\t<div class=\"elementor-element elementor-element-2899e1c elementor-widget elementor-widget-image\" data-id=\"2899e1c\" data-element_type=\"widget\" data-widget_type=\"image.default\">\n\t\t\t\t<div class=\"elementor-widget-container\">\n\t\t\t\t\t\t\t\t<div class=\"elementor-image\">\n\t\t\t\t\t\t\t\t\t\t\t\t<img width=\"800\" height=\"570\" src=\"https:\/\/www.canadianplacedentistry.com\/es\/wp-content\/uploads\/sites\/3\/2020\/11\/ceramic-dentures-P65F6QS-min-1024x730.jpg\" class=\"attachment-large size-large\" alt=\"\" loading=\"lazy\" srcset=\"https:\/\/www.canadianplacedentistry.com\/es\/wp-content\/uploads\/sites\/3\/2020\/11\/ceramic-dentures-P65F6QS-min-1024x730.jpg 1024w, https:\/\/www.canadianplacedentistry.com\/es\/wp-content\/uploads\/sites\/3\/2020\/11\/ceramic-dentures-P65F6QS-min-300x214.jpg 300w, https:\/\/www.canadianplacedentistry.com\/es\/wp-content\/uploads\/sites\/3\/2020\/11\/ceramic-dentures-P65F6QS-min-768x547.jpg 768w, https:\/\/www.canadianplacedentistry.com\/es\/wp-content\/uploads\/sites\/3\/2020\/11\/ceramic-dentures-P65F6QS-min-1536x1095.jpg 1536w, https:\/\/www.canadianplacedentistry.com\/es\/wp-content\/uploads\/sites\/3\/2020\/11\/ceramic-dentures-P65F6QS-min-2048x1460.jpg 2048w\" sizes=\"(max-width: 800px) 100vw, 800px\" \/>\t\t\t\t\t\t\t\t\t\t\t\t\t\t<\/div>\n\t\t\t\t\t\t<\/div>\n\t\t\t\t<\/div>\n\t\t\t\t<div class=\"elementor-element elementor-element-f36cd6b elementor-widget elementor-widget-spacer\" data-id=\"f36cd6b\" data-element_type=\"widget\" data-widget_type=\"spacer.default\">\n\t\t\t\t<div class=\"elementor-widget-container\">\n\t\t\t\t\t<div class=\"elementor-spacer\">\n\t\t\t<div class=\"elementor-spacer-inner\"><\/div>\n\t\t<\/div>\n\t\t\t\t<\/div>\n\t\t\t\t<\/div>\n\t\t\t\t<div class=\"elementor-element elementor-element-c1a3ef9 elementor-widget elementor-widget-image\" data-id=\"c1a3ef9\" data-element_type=\"widget\" data-widget_type=\"image.default\">\n\t\t\t\t<div class=\"elementor-widget-container\">\n\t\t\t\t\t\t\t\t<div class=\"elementor-image\">\n\t\t\t\t\t\t\t\t\t\t\t\t<img width=\"800\" height=\"545\" src=\"https:\/\/www.canadianplacedentistry.com\/es\/wp-content\/uploads\/sites\/3\/2020\/11\/dental-prosthesis-on-dark-background-4EMZNSL-1-min-1024x697.jpg\" class=\"attachment-large size-large\" alt=\"\" loading=\"lazy\" srcset=\"https:\/\/www.canadianplacedentistry.com\/es\/wp-content\/uploads\/sites\/3\/2020\/11\/dental-prosthesis-on-dark-background-4EMZNSL-1-min-1024x697.jpg 1024w, https:\/\/www.canadianplacedentistry.com\/es\/wp-content\/uploads\/sites\/3\/2020\/11\/dental-prosthesis-on-dark-background-4EMZNSL-1-min-300x204.jpg 300w, https:\/\/www.canadianplacedentistry.com\/es\/wp-content\/uploads\/sites\/3\/2020\/11\/dental-prosthesis-on-dark-background-4EMZNSL-1-min-768x523.jpg 768w, https:\/\/www.canadianplacedentistry.com\/es\/wp-content\/uploads\/sites\/3\/2020\/11\/dental-prosthesis-on-dark-background-4EMZNSL-1-min-1536x1046.jpg 1536w, https:\/\/www.canadianplacedentistry.com\/es\/wp-content\/uploads\/sites\/3\/2020\/11\/dental-prosthesis-on-dark-background-4EMZNSL-1-min-2048x1395.jpg 2048w\" sizes=\"(max-width: 800px) 100vw, 800px\" \/>\t\t\t\t\t\t\t\t\t\t\t\t\t\t<\/div>\n\t\t\t\t\t\t<\/div>\n\t\t\t\t<\/div>\n\t\t\t\t\t\t<\/div>\n\t\t\t\t\t<\/div>\n\t\t<\/div>\n\t\t\t\t\t\t\t\t<\/div>\n\t\t\t\t\t<\/div>\n\t\t<\/section>\n\t\t\t\t<section class=\"elementor-section elementor-top-section elementor-element elementor-element-8a1afd7 elementor-section-boxed elementor-section-height-default elementor-section-height-default\" data-id=\"8a1afd7\" data-element_type=\"section\" data-settings=\"{&quot;background_background&quot;:&quot;classic&quot;}\">\n\t\t\t\t\t\t<div class=\"elementor-container elementor-column-gap-default\">\n\t\t\t\t\t\t\t<div class=\"elementor-row\">\n\t\t\t\t\t<div class=\"elementor-column elementor-col-50 elementor-top-column elementor-element elementor-element-2a5b5bf elementor-hidden-phone\" data-id=\"2a5b5bf\" data-element_type=\"column\" data-settings=\"{&quot;background_background&quot;:&quot;classic&quot;}\">\n\t\t\t<div class=\"elementor-column-wrap elementor-element-populated\">\n\t\t\t\t\t\t\t<div class=\"elementor-widget-wrap\">\n\t\t\t\t\t\t<div class=\"elementor-element elementor-element-5c627ca elementor-widget elementor-widget-spacer\" data-id=\"5c627ca\" data-element_type=\"widget\" data-widget_type=\"spacer.default\">\n\t\t\t\t<div class=\"elementor-widget-container\">\n\t\t\t\t\t<div class=\"elementor-spacer\">\n\t\t\t<div class=\"elementor-spacer-inner\"><\/div>\n\t\t<\/div>\n\t\t\t\t<\/div>\n\t\t\t\t<\/div>\n\t\t\t\t\t\t<\/div>\n\t\t\t\t\t<\/div>\n\t\t<\/div>\n\t\t\t\t<div class=\"elementor-column elementor-col-50 elementor-top-column elementor-element elementor-element-b94b226\" data-id=\"b94b226\" data-element_type=\"column\">\n\t\t\t<div class=\"elementor-column-wrap elementor-element-populated\">\n\t\t\t\t\t\t\t<div class=\"elementor-widget-wrap\">\n\t\t\t\t\t\t<div class=\"elementor-element elementor-element-ab8ccaf elementor-widget elementor-widget-heading\" data-id=\"ab8ccaf\" data-element_type=\"widget\" data-widget_type=\"heading.default\">\n\t\t\t\t<div class=\"elementor-widget-container\">\n\t\t\t<h3 class=\"elementor-heading-title elementor-size-default\">Dentadura completa<\/h3>\t\t<\/div>\n\t\t\t\t<\/div>\n\t\t\t\t<div class=\"elementor-element elementor-element-28aa75d elementor-widget elementor-widget-heading\" data-id=\"28aa75d\" data-element_type=\"widget\" data-widget_type=\"heading.default\">\n\t\t\t\t<div class=\"elementor-widget-container\">\n\t\t\t<p class=\"elementor-heading-title elementor-size-default\">Este es un reemplazo removible para los dientes faltantes y los tejidos circundantes. Se utiliza un procedimiento completo de dentadura postiza cuando faltan todos sus dientes naturales. Son extra\u00edbles ya que se mantienen en su lugar por succi\u00f3n. Hay 2 tipos: convencional e inmediato.\nLas dentaduras postizas convencionales se colocan una vez que el tejido de las enc\u00edas ha comenzado a sanar despu\u00e9s de 8 a 12 semanas. Mientras que las dentaduras postizas inmediatas se insertan inmediatamente despu\u00e9s de que se extraen los dientes.<\/p>\t\t<\/div>\n\t\t\t\t<\/div>\n\t\t\t\t<div class=\"elementor-element elementor-element-a631804 elementor-widget elementor-widget-heading\" data-id=\"a631804\" data-element_type=\"widget\" data-widget_type=\"heading.default\">\n\t\t\t\t<div class=\"elementor-widget-container\">\n\t\t\t<h3 class=\"elementor-heading-title elementor-size-default\">Dentaduras parciales removibles<\/h3>\t\t<\/div>\n\t\t\t\t<\/div>\n\t\t\t\t<div class=\"elementor-element elementor-element-b45e687 elementor-widget elementor-widget-heading\" data-id=\"b45e687\" data-element_type=\"widget\" data-widget_type=\"heading.default\">\n\t\t\t\t<div class=\"elementor-widget-container\">\n\t\t\t<p class=\"elementor-heading-title elementor-size-default\">Una dentadura postiza parcial removible o un puente normalmente consta de dientes de reemplazo unidos a una base de pl\u00e1stico del color de la enc\u00eda, que a veces est\u00e1 conectada por una estructura de metal que mantiene la dentadura postiza en su lugar. Las dentaduras postizas parciales se utilizan cuando quedan uno o m\u00e1s dientes naturales en la mand\u00edbula superior o inferior.<\/p>\t\t<\/div>\n\t\t\t\t<\/div>\n\t\t\t\t<div class=\"elementor-element elementor-element-46035ac elementor-mobile-align-justify elementor-widget elementor-widget-button\" data-id=\"46035ac\" data-element_type=\"widget\" data-widget_type=\"button.default\">\n\t\t\t\t<div class=\"elementor-widget-container\">\n\t\t\t\t\t<div class=\"elementor-button-wrapper\">\n\t\t\t<a href=\"https:\/\/www.canadianplacedentistry.com\/contact\/\" class=\"elementor-button-link elementor-button elementor-size-sm\" role=\"button\">\n\t\t\t\t\t\t<span class=\"elementor-button-content-wrapper\">\n\t\t\t\t\t\t<span class=\"elementor-button-text\">Servicio de reserva online<\/span>\n\t\t<\/span>\n\t\t\t\t\t<\/a>\n\t\t<\/div>\n\t\t\t\t<\/div>\n\t\t\t\t<\/div>\n\t\t\t\t\t\t<\/div>\n\t\t\t\t\t<\/div>\n\t\t<\/div>\n\t\t\t\t\t\t\t\t<\/div>\n\t\t\t\t\t<\/div>\n\t\t<\/section>\n\t\t\t\t\t\t<\/div>\n\t\t\t\t\t\t<\/div>\n\t\t\t\t\t<\/div>\n\t\t","protected":false},"excerpt":{"rendered":"<p>Prostodoncia Home P\u00e1ginas Servicios Prostodoncia SERVICIOS Prostodoncia La prostodoncia es una especialidad de la odontolog\u00eda que se centra en los dientes perdidos. El profesional capacitado trata una variedad de problemas bucales y brinda atenci\u00f3n especializada que se adapta a las necesidades particulares de cada paciente. Puentes dentales El espacio formado por uno o m\u00e1s dientes [&hellip;]<\/p>\n","protected":false},"author":1,"featured_media":0,"parent":288,"menu_order":0,"comment_status":"closed","ping_status":"closed","template":"","meta":{"_coblocks_attr":"","_coblocks_dimensions":"","_coblocks_responsive_height":"","_coblocks_accordion_ie_support":""},"yoast_head":"<!-- This site is optimized with the Yoast SEO plugin v17.4 - https:\/\/yoast.com\/wordpress\/plugins\/seo\/ -->\n<title>La prostodoncia es una especialidad de la odontolog\u00eda que se centra en los dientes<\/title>\n<meta name=\"description\" content=\"Los dientes postizos se denominan p\u00f3nticos y pueden estar hechos de oro, aleaciones, porcelana o una mezcla de ellos. Se utilizan dientes naturales o implantes para sostener los puentes dentales.\" \/>\n<meta name=\"robots\" content=\"index, follow, max-snippet:-1, max-image-preview:large, max-video-preview:-1\" \/>\n<link rel=\"canonical\" href=\"https:\/\/www.canadianplacedentistry.com\/es\/servicios\/prostodoncia\/\" \/>\n<meta property=\"og:locale\" content=\"es_ES\" \/>\n<meta property=\"og:type\" content=\"article\" \/>\n<meta property=\"og:title\" content=\"La prostodoncia es una especialidad de la odontolog\u00eda que se centra en los dientes\" \/>\n<meta property=\"og:description\" content=\"Los dientes postizos se denominan p\u00f3nticos y pueden estar hechos de oro, aleaciones, porcelana o una mezcla de ellos. Se utilizan dientes naturales o implantes para sostener los puentes dentales.\" \/>\n<meta property=\"og:url\" content=\"https:\/\/www.canadianplacedentistry.com\/es\/servicios\/prostodoncia\/\" \/>\n<meta property=\"og:site_name\" content=\"Canadian Place Dentistry ES\" \/>\n<meta property=\"article:modified_time\" content=\"2021-10-31T03:03:01+00:00\" \/>\n<meta property=\"og:image\" content=\"https:\/\/www.canadianplacedentistry.com\/es\/wp-content\/uploads\/sites\/3\/2020\/11\/ceramic-dentures-P65F6QS-min-1024x730.jpg\" \/>\n<meta name=\"twitter:card\" content=\"summary_large_image\" \/>\n<meta name=\"twitter:label1\" content=\"Tiempo estimado de lectura\" \/>\n\t<meta name=\"twitter:data1\" content=\"2 minutos\" \/>\n<script type=\"application\/ld+json\" class=\"yoast-schema-graph\">{\"@context\":\"https:\/\/schema.org\",\"@graph\":[{\"@type\":\"WebSite\",\"@id\":\"https:\/\/www.canadianplacedentistry.com\/es\/#website\",\"url\":\"https:\/\/www.canadianplacedentistry.com\/es\/\",\"name\":\"Canadian Place Dentistry ES\",\"description\":\"\",\"potentialAction\":[{\"@type\":\"SearchAction\",\"target\":{\"@type\":\"EntryPoint\",\"urlTemplate\":\"https:\/\/www.canadianplacedentistry.com\/es\/?s={search_term_string}\"},\"query-input\":\"required name=search_term_string\"}],\"inLanguage\":\"es-CO\"},{\"@type\":\"ImageObject\",\"@id\":\"https:\/\/www.canadianplacedentistry.com\/es\/servicios\/prostodoncia\/#primaryimage\",\"inLanguage\":\"es-CO\",\"url\":\"https:\/\/www.canadianplacedentistry.com\/es\/wp-content\/uploads\/sites\/3\/2020\/11\/ceramic-dentures-P65F6QS-min-1024x730.jpg\",\"contentUrl\":\"https:\/\/www.canadianplacedentistry.com\/es\/wp-content\/uploads\/sites\/3\/2020\/11\/ceramic-dentures-P65F6QS-min-1024x730.jpg\"},{\"@type\":\"WebPage\",\"@id\":\"https:\/\/www.canadianplacedentistry.com\/es\/servicios\/prostodoncia\/#webpage\",\"url\":\"https:\/\/www.canadianplacedentistry.com\/es\/servicios\/prostodoncia\/\",\"name\":\"La prostodoncia es una especialidad de la odontolog\\u00eda que se centra en los dientes\",\"isPartOf\":{\"@id\":\"https:\/\/www.canadianplacedentistry.com\/es\/#website\"},\"primaryImageOfPage\":{\"@id\":\"https:\/\/www.canadianplacedentistry.com\/es\/servicios\/prostodoncia\/#primaryimage\"},\"datePublished\":\"2020-10-21T20:41:15+00:00\",\"dateModified\":\"2021-10-31T03:03:01+00:00\",\"description\":\"Los dientes postizos se denominan p\\u00f3nticos y pueden estar hechos de oro, aleaciones, porcelana o una mezcla de ellos. Se utilizan dientes naturales o implantes para sostener los puentes dentales.\",\"breadcrumb\":{\"@id\":\"https:\/\/www.canadianplacedentistry.com\/es\/servicios\/prostodoncia\/#breadcrumb\"},\"inLanguage\":\"es-CO\",\"potentialAction\":[{\"@type\":\"ReadAction\",\"target\":[\"https:\/\/www.canadianplacedentistry.com\/es\/servicios\/prostodoncia\/\"]}]},{\"@type\":\"BreadcrumbList\",\"@id\":\"https:\/\/www.canadianplacedentistry.com\/es\/servicios\/prostodoncia\/#breadcrumb\",\"itemListElement\":[{\"@type\":\"ListItem\",\"position\":1,\"name\":\"Home\",\"item\":\"https:\/\/www.canadianplacedentistry.com\/es\/\"},{\"@type\":\"ListItem\",\"position\":2,\"name\":\"Servicios\",\"item\":\"https:\/\/www.canadianplacedentistry.com\/es\/servicios\/\"},{\"@type\":\"ListItem\",\"position\":3,\"name\":\"Prostodoncia\"}]}]}<\/script>\n<!-- \/ Yoast SEO plugin. -->","yoast_head_json":{"title":"La prostodoncia es una especialidad de la odontolog\u00eda que se centra en los dientes","description":"Los dientes postizos se denominan p\u00f3nticos y pueden estar hechos de oro, aleaciones, porcelana o una mezcla de ellos. Se utilizan dientes naturales o implantes para sostener los puentes dentales.","robots":{"index":"index","follow":"follow","max-snippet":"max-snippet:-1","max-image-preview":"max-image-preview:large","max-video-preview":"max-video-preview:-1"},"canonical":"https:\/\/www.canadianplacedentistry.com\/es\/servicios\/prostodoncia\/","og_locale":"es_ES","og_type":"article","og_title":"La prostodoncia es una especialidad de la odontolog\u00eda que se centra en los dientes","og_description":"Los dientes postizos se denominan p\u00f3nticos y pueden estar hechos de oro, aleaciones, porcelana o una mezcla de ellos. Se utilizan dientes naturales o implantes para sostener los puentes dentales.","og_url":"https:\/\/www.canadianplacedentistry.com\/es\/servicios\/prostodoncia\/","og_site_name":"Canadian Place Dentistry ES","article_modified_time":"2021-10-31T03:03:01+00:00","og_image":[{"url":"https:\/\/www.canadianplacedentistry.com\/es\/wp-content\/uploads\/sites\/3\/2020\/11\/ceramic-dentures-P65F6QS-min-1024x730.jpg"}],"twitter_card":"summary_large_image","twitter_misc":{"Tiempo estimado de lectura":"2 minutos"},"schema":{"@context":"https:\/\/schema.org","@graph":[{"@type":"WebSite","@id":"https:\/\/www.canadianplacedentistry.com\/es\/#website","url":"https:\/\/www.canadianplacedentistry.com\/es\/","name":"Canadian Place Dentistry ES","description":"","potentialAction":[{"@type":"SearchAction","target":{"@type":"EntryPoint","urlTemplate":"https:\/\/www.canadianplacedentistry.com\/es\/?s={search_term_string}"},"query-input":"required name=search_term_string"}],"inLanguage":"es-CO"},{"@type":"ImageObject","@id":"https:\/\/www.canadianplacedentistry.com\/es\/servicios\/prostodoncia\/#primaryimage","inLanguage":"es-CO","url":"https:\/\/www.canadianplacedentistry.com\/es\/wp-content\/uploads\/sites\/3\/2020\/11\/ceramic-dentures-P65F6QS-min-1024x730.jpg","contentUrl":"https:\/\/www.canadianplacedentistry.com\/es\/wp-content\/uploads\/sites\/3\/2020\/11\/ceramic-dentures-P65F6QS-min-1024x730.jpg"},{"@type":"WebPage","@id":"https:\/\/www.canadianplacedentistry.com\/es\/servicios\/prostodoncia\/#webpage","url":"https:\/\/www.canadianplacedentistry.com\/es\/servicios\/prostodoncia\/","name":"La prostodoncia es una especialidad de la odontolog\u00eda que se centra en los dientes","isPartOf":{"@id":"https:\/\/www.canadianplacedentistry.com\/es\/#website"},"primaryImageOfPage":{"@id":"https:\/\/www.canadianplacedentistry.com\/es\/servicios\/prostodoncia\/#primaryimage"},"datePublished":"2020-10-21T20:41:15+00:00","dateModified":"2021-10-31T03:03:01+00:00","description":"Los dientes postizos se denominan p\u00f3nticos y pueden estar hechos de oro, aleaciones, porcelana o una mezcla de ellos. Se utilizan dientes naturales o implantes para sostener los puentes dentales.","breadcrumb":{"@id":"https:\/\/www.canadianplacedentistry.com\/es\/servicios\/prostodoncia\/#breadcrumb"},"inLanguage":"es-CO","potentialAction":[{"@type":"ReadAction","target":["https:\/\/www.canadianplacedentistry.com\/es\/servicios\/prostodoncia\/"]}]},{"@type":"BreadcrumbList","@id":"https:\/\/www.canadianplacedentistry.com\/es\/servicios\/prostodoncia\/#breadcrumb","itemListElement":[{"@type":"ListItem","position":1,"name":"Home","item":"https:\/\/www.canadianplacedentistry.com\/es\/"},{"@type":"ListItem","position":2,"name":"Servicios","item":"https:\/\/www.canadianplacedentistry.com\/es\/servicios\/"},{"@type":"ListItem","position":3,"name":"Prostodoncia"}]}]}},"_links":{"self":[{"href":"https:\/\/www.canadianplacedentistry.com\/es\/wp-json\/wp\/v2\/pages\/279"}],"collection":[{"href":"https:\/\/www.canadianplacedentistry.com\/es\/wp-json\/wp\/v2\/pages"}],"about":[{"href":"https:\/\/www.canadianplacedentistry.com\/es\/wp-json\/wp\/v2\/types\/page"}],"author":[{"embeddable":true,"href":"https:\/\/www.canadianplacedentistry.com\/es\/wp-json\/wp\/v2\/users\/1"}],"replies":[{"embeddable":true,"href":"https:\/\/www.canadianplacedentistry.com\/es\/wp-json\/wp\/v2\/comments?post=279"}],"version-history":[{"count":23,"href":"https:\/\/www.canadianplacedentistry.com\/es\/wp-json\/wp\/v2\/pages\/279\/revisions"}],"predecessor-version":[{"id":847,"href":"https:\/\/www.canadianplacedentistry.com\/es\/wp-json\/wp\/v2\/pages\/279\/revisions\/847"}],"up":[{"embeddable":true,"href":"https:\/\/www.canadianplacedentistry.com\/es\/wp-json\/wp\/v2\/pages\/288"}],"wp:attachment":[{"href":"https:\/\/www.canadianplacedentistry.com\/es\/wp-json\/wp\/v2\/media?parent=279"}],"curies":[{"name":"wp","href":"https:\/\/api.w.org\/{rel}","templated":true}]}}