{"id":273,"date":"2020-10-21T20:32:28","date_gmt":"2020-10-21T20:32:28","guid":{"rendered":"https:\/\/www.canadianplacedentistry.com\/es\/?page_id=273"},"modified":"2023-10-20T19:12:29","modified_gmt":"2023-10-20T19:12:29","slug":"nuestro-equipo","status":"publish","type":"page","link":"https:\/\/www.canadianplacedentistry.com\/es\/nuestro-equipo\/","title":{"rendered":"Nuestro Equipo"},"content":{"rendered":"\t\t<div data-elementor-type=\"wp-page\" data-elementor-id=\"273\" class=\"elementor elementor-273\" data-elementor-settings=\"[]\">\n\t\t\t\t\t\t<div class=\"elementor-inner\">\n\t\t\t\t\t\t\t<div class=\"elementor-section-wrap\">\n\t\t\t\t\t\t\t<section class=\"elementor-section elementor-top-section elementor-element elementor-element-548771bc elementor-section-content-middle elementor-section-boxed elementor-section-height-default elementor-section-height-default\" data-id=\"548771bc\" data-element_type=\"section\" data-settings=\"{&quot;background_background&quot;:&quot;classic&quot;,&quot;animation&quot;:&quot;none&quot;}\">\n\t\t\t\t\t\t<div class=\"elementor-container elementor-column-gap-default\">\n\t\t\t\t\t\t\t<div class=\"elementor-row\">\n\t\t\t\t\t<div class=\"elementor-column elementor-col-66 elementor-top-column elementor-element elementor-element-5729a8b3\" data-id=\"5729a8b3\" data-element_type=\"column\">\n\t\t\t<div class=\"elementor-column-wrap elementor-element-populated\">\n\t\t\t\t\t\t\t<div class=\"elementor-widget-wrap\">\n\t\t\t\t\t\t<div class=\"elementor-element elementor-element-350dce30 elementor-widget elementor-widget-heading\" data-id=\"350dce30\" data-element_type=\"widget\" data-widget_type=\"heading.default\">\n\t\t\t\t<div class=\"elementor-widget-container\">\n\t\t\t<h1 class=\"elementor-heading-title elementor-size-default\">Nuestro Equipo\n<\/h1>\t\t<\/div>\n\t\t\t\t<\/div>\n\t\t\t\t\t\t<\/div>\n\t\t\t\t\t<\/div>\n\t\t<\/div>\n\t\t\t\t<div class=\"elementor-column elementor-col-33 elementor-top-column elementor-element elementor-element-829ba3\" data-id=\"829ba3\" data-element_type=\"column\">\n\t\t\t<div class=\"elementor-column-wrap elementor-element-populated\">\n\t\t\t\t\t\t\t<div class=\"elementor-widget-wrap\">\n\t\t\t\t\t\t<div class=\"elementor-element elementor-element-e256eff elementor-widget elementor-widget-wwp-elementor-dynamic-breadcrumbs\" data-id=\"e256eff\" data-element_type=\"widget\" data-widget_type=\"wwp-elementor-dynamic-breadcrumbs.default\">\n\t\t\t\t<div class=\"elementor-widget-container\">\n\t\t\t<style>#breadcrumb-69e06dfcde93e li::after { content: \"\u00bb\" }<\/style><ol class=\"wwp-elementor-breadcrumbs \" id=\"breadcrumb-69e06dfcde93e\"><li class=\"visited\"><a href=\"\/\">Home<\/a><\/li><li class=\"visited\"><a href=\"\">P\u00e1ginas<\/a><\/li><li class=\"current\"><span>Nuestro Equipo<\/span><\/li><\/ol><script type=\"application\/ld+json\">{\"@context\":\"https:\\\/\\\/schema.org\\\/\",\"@type\":\"BreadcrumbList\",\"itemListElement\":[{\"@type\":\"ListItem\",\"position\":1,\"name\":\"Nuestro Equipo\",\"item\":\"https:\\\/\\\/www.canadianplacedentistry.com\\\/es\\\/wp-json\\\/wp\\\/v2\\\/pages\\\/273\"}]}<\/script>\t\t<\/div>\n\t\t\t\t<\/div>\n\t\t\t\t\t\t<\/div>\n\t\t\t\t\t<\/div>\n\t\t<\/div>\n\t\t\t\t\t\t\t\t<\/div>\n\t\t\t\t\t<\/div>\n\t\t<\/section>\n\t\t\t\t<section class=\"elementor-section elementor-top-section elementor-element elementor-element-186c2762 elementor-section-boxed elementor-section-height-default elementor-section-height-default\" data-id=\"186c2762\" data-element_type=\"section\">\n\t\t\t\t\t\t<div class=\"elementor-container elementor-column-gap-default\">\n\t\t\t\t\t\t\t<div class=\"elementor-row\">\n\t\t\t\t\t<div class=\"elementor-column elementor-col-100 elementor-top-column elementor-element elementor-element-44c81433\" data-id=\"44c81433\" data-element_type=\"column\">\n\t\t\t<div class=\"elementor-column-wrap elementor-element-populated\">\n\t\t\t\t\t\t\t<div class=\"elementor-widget-wrap\">\n\t\t\t\t\t\t<div class=\"elementor-element elementor-element-6eb0973c elementor-widget elementor-widget-heading\" data-id=\"6eb0973c\" data-element_type=\"widget\" data-widget_type=\"heading.default\">\n\t\t\t\t<div class=\"elementor-widget-container\">\n\t\t\t<h3 class=\"elementor-heading-title elementor-size-default\">Doctores Especialistas\n<\/h3>\t\t<\/div>\n\t\t\t\t<\/div>\n\t\t\t\t<div class=\"elementor-element elementor-element-fa9c71c elementor-widget elementor-widget-heading\" data-id=\"fa9c71c\" data-element_type=\"widget\" data-widget_type=\"heading.default\">\n\t\t\t\t<div class=\"elementor-widget-container\">\n\t\t\t<h3 class=\"elementor-heading-title elementor-size-default\">Profesionales Altamente Calificados<\/h3>\t\t<\/div>\n\t\t\t\t<\/div>\n\t\t\t\t\t\t<\/div>\n\t\t\t\t\t<\/div>\n\t\t<\/div>\n\t\t\t\t\t\t\t\t<\/div>\n\t\t\t\t\t<\/div>\n\t\t<\/section>\n\t\t\t\t<section class=\"elementor-section elementor-top-section elementor-element elementor-element-77575660 elementor-section-boxed elementor-section-height-default elementor-section-height-default\" data-id=\"77575660\" data-element_type=\"section\">\n\t\t\t\t\t\t<div class=\"elementor-container elementor-column-gap-default\">\n\t\t\t\t\t\t\t<div class=\"elementor-row\">\n\t\t\t\t\t<div class=\"elementor-column elementor-col-50 elementor-top-column elementor-element elementor-element-7822f5d3\" data-id=\"7822f5d3\" data-element_type=\"column\">\n\t\t\t<div class=\"elementor-column-wrap elementor-element-populated\">\n\t\t\t\t\t\t\t<div class=\"elementor-widget-wrap\">\n\t\t\t\t\t\t<div class=\"elementor-element elementor-element-ce83469 elementor-position-top elementor-vertical-align-top elementor-widget elementor-widget-image-box\" data-id=\"ce83469\" data-element_type=\"widget\" data-widget_type=\"image-box.default\">\n\t\t\t\t<div class=\"elementor-widget-container\">\n\t\t\t<div class=\"elementor-image-box-wrapper\"><figure class=\"elementor-image-box-img\"><a href=\"https:\/\/www.canadianplacedentistry.com\/our-team\/dr-luz-angela-arboleda\/\"><img width=\"200\" height=\"300\" src=\"https:\/\/www.canadianplacedentistry.com\/es\/wp-content\/uploads\/sites\/3\/2020\/11\/IMG_7835-200x300.jpg\" class=\"elementor-animation-float attachment-medium size-medium\" alt=\"\" loading=\"lazy\" \/><\/a><\/figure><div class=\"elementor-image-box-content\"><h3 class=\"elementor-image-box-title\"><a href=\"https:\/\/www.canadianplacedentistry.com\/our-team\/dr-luz-angela-arboleda\/\">Dr. Luz Angela Arboleda <\/a><\/h3><p class=\"elementor-image-box-description\">Cirug\u00eda Dental\n<\/p><\/div><\/div>\t\t<\/div>\n\t\t\t\t<\/div>\n\t\t\t\t<div class=\"elementor-element elementor-element-3de7e061 elementor-widget-divider--view-line elementor-widget elementor-widget-divider\" data-id=\"3de7e061\" data-element_type=\"widget\" data-widget_type=\"divider.default\">\n\t\t\t\t<div class=\"elementor-widget-container\">\n\t\t\t\t\t<div class=\"elementor-divider\">\n\t\t\t<span class=\"elementor-divider-separator\">\n\t\t\t\t\t\t<\/span>\n\t\t<\/div>\n\t\t\t\t<\/div>\n\t\t\t\t<\/div>\n\t\t\t\t\t\t<\/div>\n\t\t\t\t\t<\/div>\n\t\t<\/div>\n\t\t\t\t<div class=\"elementor-column elementor-col-50 elementor-top-column elementor-element elementor-element-5b08a169\" data-id=\"5b08a169\" data-element_type=\"column\">\n\t\t\t<div class=\"elementor-column-wrap elementor-element-populated\">\n\t\t\t\t\t\t\t<div class=\"elementor-widget-wrap\">\n\t\t\t\t\t\t<div class=\"elementor-element elementor-element-2b1207e1 elementor-position-top elementor-vertical-align-top elementor-widget elementor-widget-image-box\" data-id=\"2b1207e1\" data-element_type=\"widget\" data-widget_type=\"image-box.default\">\n\t\t\t\t<div class=\"elementor-widget-container\">\n\t\t\t<div class=\"elementor-image-box-wrapper\"><figure class=\"elementor-image-box-img\"><a href=\"https:\/\/www.canadianplacedentistry.com\/our-team\/dr-jaime-s-guerrero\/\"><img width=\"717\" height=\"644\" src=\"https:\/\/www.canadianplacedentistry.com\/es\/wp-content\/uploads\/sites\/3\/2023\/10\/MEDMO_Picture5.png\" class=\"elementor-animation-float attachment-medium_large size-medium_large\" alt=\"\" loading=\"lazy\" \/><\/a><\/figure><div class=\"elementor-image-box-content\"><h3 class=\"elementor-image-box-title\"><a href=\"https:\/\/www.canadianplacedentistry.com\/our-team\/dr-jaime-s-guerrero\/\">Dr. Maria Elena Diaz Montes de Oca <\/a><\/h3><p class=\"elementor-image-box-description\">Cirug\u00eda Dental<\/p><\/div><\/div>\t\t<\/div>\n\t\t\t\t<\/div>\n\t\t\t\t<div class=\"elementor-element elementor-element-21fd7f32 elementor-widget-divider--view-line elementor-widget elementor-widget-divider\" data-id=\"21fd7f32\" data-element_type=\"widget\" data-widget_type=\"divider.default\">\n\t\t\t\t<div class=\"elementor-widget-container\">\n\t\t\t\t\t<div class=\"elementor-divider\">\n\t\t\t<span class=\"elementor-divider-separator\">\n\t\t\t\t\t\t<\/span>\n\t\t<\/div>\n\t\t\t\t<\/div>\n\t\t\t\t<\/div>\n\t\t\t\t\t\t<\/div>\n\t\t\t\t\t<\/div>\n\t\t<\/div>\n\t\t\t\t\t\t\t\t<\/div>\n\t\t\t\t\t<\/div>\n\t\t<\/section>\n\t\t\t\t<section class=\"elementor-section elementor-top-section elementor-element elementor-element-3399cea6 elementor-section-content-middle elementor-section-boxed elementor-section-height-default elementor-section-height-default elementor-invisible\" data-id=\"3399cea6\" data-element_type=\"section\" data-settings=\"{&quot;background_background&quot;:&quot;classic&quot;,&quot;animation&quot;:&quot;fadeIn&quot;}\">\n\t\t\t\t\t\t<div class=\"elementor-container elementor-column-gap-default\">\n\t\t\t\t\t\t\t<div class=\"elementor-row\">\n\t\t\t\t\t<div class=\"elementor-column elementor-col-66 elementor-top-column elementor-element elementor-element-71fc46ee\" data-id=\"71fc46ee\" data-element_type=\"column\">\n\t\t\t<div class=\"elementor-column-wrap elementor-element-populated\">\n\t\t\t\t\t\t\t<div class=\"elementor-widget-wrap\">\n\t\t\t\t\t\t<div class=\"elementor-element elementor-element-11e1fda3 elementor-widget elementor-widget-heading\" data-id=\"11e1fda3\" data-element_type=\"widget\" data-widget_type=\"heading.default\">\n\t\t\t\t<div class=\"elementor-widget-container\">\n\t\t\t<h3 class=\"elementor-heading-title elementor-size-default\">Advanced Dental Technologies<\/h3>\t\t<\/div>\n\t\t\t\t<\/div>\n\t\t\t\t\t\t<\/div>\n\t\t\t\t\t<\/div>\n\t\t<\/div>\n\t\t\t\t<div class=\"elementor-column elementor-col-33 elementor-top-column elementor-element elementor-element-708c104a\" data-id=\"708c104a\" data-element_type=\"column\">\n\t\t\t<div class=\"elementor-column-wrap elementor-element-populated\">\n\t\t\t\t\t\t\t<div class=\"elementor-widget-wrap\">\n\t\t\t\t\t\t<div class=\"elementor-element elementor-element-33935139 elementor-align-right elementor-mobile-align-justify elementor-widget elementor-widget-button\" data-id=\"33935139\" data-element_type=\"widget\" data-widget_type=\"button.default\">\n\t\t\t\t<div class=\"elementor-widget-container\">\n\t\t\t\t\t<div class=\"elementor-button-wrapper\">\n\t\t\t<a href=\"\/contacts\/\" class=\"elementor-button-link elementor-button elementor-size-sm\" role=\"button\">\n\t\t\t\t\t\t<span class=\"elementor-button-content-wrapper\">\n\t\t\t\t\t\t<span class=\"elementor-button-text\">Get Appointment<\/span>\n\t\t<\/span>\n\t\t\t\t\t<\/a>\n\t\t<\/div>\n\t\t\t\t<\/div>\n\t\t\t\t<\/div>\n\t\t\t\t\t\t<\/div>\n\t\t\t\t\t<\/div>\n\t\t<\/div>\n\t\t\t\t\t\t\t\t<\/div>\n\t\t\t\t\t<\/div>\n\t\t<\/section>\n\t\t\t\t\t\t<\/div>\n\t\t\t\t\t\t<\/div>\n\t\t\t\t\t<\/div>\n\t\t","protected":false},"excerpt":{"rendered":"<p>Nuestro Equipo Home P\u00e1ginas Nuestro Equipo Doctores Especialistas Profesionales Altamente Calificados Dr. Luz Angela Arboleda Cirug\u00eda Dental Dr. Maria Elena Diaz Montes de Oca Cirug\u00eda Dental Advanced Dental Technologies Get Appointment<\/p>\n","protected":false},"author":1,"featured_media":0,"parent":0,"menu_order":0,"comment_status":"closed","ping_status":"closed","template":"","meta":{"_coblocks_attr":"","_coblocks_dimensions":"","_coblocks_responsive_height":"","_coblocks_accordion_ie_support":""},"yoast_head":"<!-- This site is optimized with the Yoast SEO plugin v17.4 - https:\/\/yoast.com\/wordpress\/plugins\/seo\/ -->\n<title>M\u00e9dicos especialistas. Profesionales altamente calificados<\/title>\n<meta name=\"description\" content=\"Nuestro compromiso es brindar a nuestros pacientes un servicio integral de atenci\u00f3n odontol\u00f3gica y el cumplimiento de nuestro equipo de profesionales altamente calificados.\" \/>\n<meta name=\"robots\" content=\"index, follow, max-snippet:-1, max-image-preview:large, max-video-preview:-1\" \/>\n<link rel=\"canonical\" href=\"https:\/\/www.canadianplacedentistry.com\/es\/nuestro-equipo\/\" \/>\n<meta property=\"og:locale\" content=\"es_ES\" \/>\n<meta property=\"og:type\" content=\"article\" \/>\n<meta property=\"og:title\" content=\"M\u00e9dicos especialistas. Profesionales altamente calificados\" \/>\n<meta property=\"og:description\" content=\"Nuestro compromiso es brindar a nuestros pacientes un servicio integral de atenci\u00f3n odontol\u00f3gica y el cumplimiento de nuestro equipo de profesionales altamente calificados.\" \/>\n<meta property=\"og:url\" content=\"https:\/\/www.canadianplacedentistry.com\/es\/nuestro-equipo\/\" \/>\n<meta property=\"og:site_name\" content=\"Canadian Place Dentistry ES\" \/>\n<meta property=\"article:modified_time\" content=\"2023-10-20T19:12:29+00:00\" \/>\n<meta property=\"og:image\" content=\"https:\/\/www.canadianplacedentistry.com\/es\/wp-content\/uploads\/sites\/3\/2020\/11\/IMG_7835-200x300.jpg\" \/>\n<meta name=\"twitter:card\" content=\"summary_large_image\" \/>\n<meta name=\"twitter:label1\" content=\"Tiempo estimado de lectura\" \/>\n\t<meta name=\"twitter:data1\" content=\"1 minuto\" \/>\n<script type=\"application\/ld+json\" class=\"yoast-schema-graph\">{\"@context\":\"https:\/\/schema.org\",\"@graph\":[{\"@type\":\"WebSite\",\"@id\":\"https:\/\/www.canadianplacedentistry.com\/es\/#website\",\"url\":\"https:\/\/www.canadianplacedentistry.com\/es\/\",\"name\":\"Canadian Place Dentistry ES\",\"description\":\"\",\"potentialAction\":[{\"@type\":\"SearchAction\",\"target\":{\"@type\":\"EntryPoint\",\"urlTemplate\":\"https:\/\/www.canadianplacedentistry.com\/es\/?s={search_term_string}\"},\"query-input\":\"required name=search_term_string\"}],\"inLanguage\":\"es-CO\"},{\"@type\":\"ImageObject\",\"@id\":\"https:\/\/www.canadianplacedentistry.com\/es\/nuestro-equipo\/#primaryimage\",\"inLanguage\":\"es-CO\",\"url\":\"https:\/\/www.canadianplacedentistry.com\/es\/wp-content\/uploads\/sites\/3\/2020\/11\/IMG_7835-200x300.jpg\",\"contentUrl\":\"https:\/\/www.canadianplacedentistry.com\/es\/wp-content\/uploads\/sites\/3\/2020\/11\/IMG_7835-200x300.jpg\"},{\"@type\":\"WebPage\",\"@id\":\"https:\/\/www.canadianplacedentistry.com\/es\/nuestro-equipo\/#webpage\",\"url\":\"https:\/\/www.canadianplacedentistry.com\/es\/nuestro-equipo\/\",\"name\":\"M\\u00e9dicos especialistas. Profesionales altamente calificados\",\"isPartOf\":{\"@id\":\"https:\/\/www.canadianplacedentistry.com\/es\/#website\"},\"primaryImageOfPage\":{\"@id\":\"https:\/\/www.canadianplacedentistry.com\/es\/nuestro-equipo\/#primaryimage\"},\"datePublished\":\"2020-10-21T20:32:28+00:00\",\"dateModified\":\"2023-10-20T19:12:29+00:00\",\"description\":\"Nuestro compromiso es brindar a nuestros pacientes un servicio integral de atenci\\u00f3n odontol\\u00f3gica y el cumplimiento de nuestro equipo de profesionales altamente calificados.\",\"breadcrumb\":{\"@id\":\"https:\/\/www.canadianplacedentistry.com\/es\/nuestro-equipo\/#breadcrumb\"},\"inLanguage\":\"es-CO\",\"potentialAction\":[{\"@type\":\"ReadAction\",\"target\":[\"https:\/\/www.canadianplacedentistry.com\/es\/nuestro-equipo\/\"]}]},{\"@type\":\"BreadcrumbList\",\"@id\":\"https:\/\/www.canadianplacedentistry.com\/es\/nuestro-equipo\/#breadcrumb\",\"itemListElement\":[{\"@type\":\"ListItem\",\"position\":1,\"name\":\"Home\",\"item\":\"https:\/\/www.canadianplacedentistry.com\/es\/\"},{\"@type\":\"ListItem\",\"position\":2,\"name\":\"Nuestro Equipo\"}]}]}<\/script>\n<!-- \/ Yoast SEO plugin. -->","yoast_head_json":{"title":"M\u00e9dicos especialistas. Profesionales altamente calificados","description":"Nuestro compromiso es brindar a nuestros pacientes un servicio integral de atenci\u00f3n odontol\u00f3gica y el cumplimiento de nuestro equipo de profesionales altamente calificados.","robots":{"index":"index","follow":"follow","max-snippet":"max-snippet:-1","max-image-preview":"max-image-preview:large","max-video-preview":"max-video-preview:-1"},"canonical":"https:\/\/www.canadianplacedentistry.com\/es\/nuestro-equipo\/","og_locale":"es_ES","og_type":"article","og_title":"M\u00e9dicos especialistas. Profesionales altamente calificados","og_description":"Nuestro compromiso es brindar a nuestros pacientes un servicio integral de atenci\u00f3n odontol\u00f3gica y el cumplimiento de nuestro equipo de profesionales altamente calificados.","og_url":"https:\/\/www.canadianplacedentistry.com\/es\/nuestro-equipo\/","og_site_name":"Canadian Place Dentistry ES","article_modified_time":"2023-10-20T19:12:29+00:00","og_image":[{"url":"https:\/\/www.canadianplacedentistry.com\/es\/wp-content\/uploads\/sites\/3\/2020\/11\/IMG_7835-200x300.jpg"}],"twitter_card":"summary_large_image","twitter_misc":{"Tiempo estimado de lectura":"1 minuto"},"schema":{"@context":"https:\/\/schema.org","@graph":[{"@type":"WebSite","@id":"https:\/\/www.canadianplacedentistry.com\/es\/#website","url":"https:\/\/www.canadianplacedentistry.com\/es\/","name":"Canadian Place Dentistry ES","description":"","potentialAction":[{"@type":"SearchAction","target":{"@type":"EntryPoint","urlTemplate":"https:\/\/www.canadianplacedentistry.com\/es\/?s={search_term_string}"},"query-input":"required name=search_term_string"}],"inLanguage":"es-CO"},{"@type":"ImageObject","@id":"https:\/\/www.canadianplacedentistry.com\/es\/nuestro-equipo\/#primaryimage","inLanguage":"es-CO","url":"https:\/\/www.canadianplacedentistry.com\/es\/wp-content\/uploads\/sites\/3\/2020\/11\/IMG_7835-200x300.jpg","contentUrl":"https:\/\/www.canadianplacedentistry.com\/es\/wp-content\/uploads\/sites\/3\/2020\/11\/IMG_7835-200x300.jpg"},{"@type":"WebPage","@id":"https:\/\/www.canadianplacedentistry.com\/es\/nuestro-equipo\/#webpage","url":"https:\/\/www.canadianplacedentistry.com\/es\/nuestro-equipo\/","name":"M\u00e9dicos especialistas. Profesionales altamente calificados","isPartOf":{"@id":"https:\/\/www.canadianplacedentistry.com\/es\/#website"},"primaryImageOfPage":{"@id":"https:\/\/www.canadianplacedentistry.com\/es\/nuestro-equipo\/#primaryimage"},"datePublished":"2020-10-21T20:32:28+00:00","dateModified":"2023-10-20T19:12:29+00:00","description":"Nuestro compromiso es brindar a nuestros pacientes un servicio integral de atenci\u00f3n odontol\u00f3gica y el cumplimiento de nuestro equipo de profesionales altamente calificados.","breadcrumb":{"@id":"https:\/\/www.canadianplacedentistry.com\/es\/nuestro-equipo\/#breadcrumb"},"inLanguage":"es-CO","potentialAction":[{"@type":"ReadAction","target":["https:\/\/www.canadianplacedentistry.com\/es\/nuestro-equipo\/"]}]},{"@type":"BreadcrumbList","@id":"https:\/\/www.canadianplacedentistry.com\/es\/nuestro-equipo\/#breadcrumb","itemListElement":[{"@type":"ListItem","position":1,"name":"Home","item":"https:\/\/www.canadianplacedentistry.com\/es\/"},{"@type":"ListItem","position":2,"name":"Nuestro Equipo"}]}]}},"_links":{"self":[{"href":"https:\/\/www.canadianplacedentistry.com\/es\/wp-json\/wp\/v2\/pages\/273"}],"collection":[{"href":"https:\/\/www.canadianplacedentistry.com\/es\/wp-json\/wp\/v2\/pages"}],"about":[{"href":"https:\/\/www.canadianplacedentistry.com\/es\/wp-json\/wp\/v2\/types\/page"}],"author":[{"embeddable":true,"href":"https:\/\/www.canadianplacedentistry.com\/es\/wp-json\/wp\/v2\/users\/1"}],"replies":[{"embeddable":true,"href":"https:\/\/www.canadianplacedentistry.com\/es\/wp-json\/wp\/v2\/comments?post=273"}],"version-history":[{"count":22,"href":"https:\/\/www.canadianplacedentistry.com\/es\/wp-json\/wp\/v2\/pages\/273\/revisions"}],"predecessor-version":[{"id":881,"href":"https:\/\/www.canadianplacedentistry.com\/es\/wp-json\/wp\/v2\/pages\/273\/revisions\/881"}],"wp:attachment":[{"href":"https:\/\/www.canadianplacedentistry.com\/es\/wp-json\/wp\/v2\/media?parent=273"}],"curies":[{"name":"wp","href":"https:\/\/api.w.org\/{rel}","templated":true}]}}